{"id":385,"date":"2017-05-03T13:45:18","date_gmt":"2017-05-03T11:45:18","guid":{"rendered":"http:\/\/cajovnajasminka.sk\/?post_type=product&#038;p=385"},"modified":"2023-02-15T10:01:42","modified_gmt":"2023-02-15T09:01:42","slug":"krcove-zily-bylinny-caj-porciovany","status":"publish","type":"product","link":"http:\/\/cajovnajasminka.sk\/?product=krcove-zily-bylinny-caj-porciovany","title":{"rendered":"\u017dily-Bylinn\u00fd \u010daj porciovan\u00fd"},"content":{"rendered":"<p>\u010cesk\u00fd kvalitn\u00fd sypan\u00fd bylinn\u00fd \u010daj zostavovan\u00fd pod\u013ea origin\u00e1lnej recept\u00fary, chr\u00e1nen\u00fd ochrannou zn\u00e1mkou, ur\u010den\u00fd na konkr\u00e9tny probl\u00e9m.<\/p>\n<p><strong>Zlo\u017eenie :\u00a0<\/strong><\/p>\n<p><strong>Necht\u00edk\u00a0kvet<\/strong> &#8211; podporuje<strong> prirodzen\u00fd stav \u017e\u00edl a ciev<\/strong><br \/>\n<strong>\u0160\u00edpka plod<\/strong> \u2013 podporuje krvn\u00fd obeh, <strong>u\u013eavuje pocitu \u0165a\u017ek\u00fdch n\u00f4h<\/strong><br \/>\n<strong>Poh\u00e1nka v\u0148a\u0165<\/strong> \u2013 podporuje kardiovaskul\u00e1rny syst\u00e9m<br \/>\n<strong>Zelen\u00fd \u010daj<\/strong> \u2013 podporuje <strong>kvalitu a elasticitu \u017e\u00edl,<\/strong>\u00a0p\u00f4sob\u00ed ako prirodzen\u00fd antioxidant<br \/>\n<strong>Komonica v\u0148a\u0165<\/strong> \u2013 podporuje cievy a o\u010distu krvi<br \/>\n<strong>Prasli\u010dka v\u0148a\u0165<\/strong> \u2013 podporuje elasticitu ciev<br \/>\n<strong>Ihlica kore\u0148<\/strong>\u00a0\u2013 <strong>podporuje o\u010distu<br \/>\n<\/strong><strong>V\u0155ba k\u00f4ra<\/strong>\u00a0&#8211; celkovo podporuje telo<\/p>\n<p><strong>Obsah balenia : 15 x 2,5 g <\/strong><\/p>\n<p>&nbsp;<\/p>\n","protected":false},"excerpt":{"rendered":"<p><strong>Obsah balenia : 15 x 2,5 g <\/strong><\/p>\n","protected":false},"featured_media":1991,"comment_status":"open","ping_status":"closed","template":"","meta":[],"_links":{"self":[{"href":"http:\/\/cajovnajasminka.sk\/index.php?rest_route=\/wp\/v2\/product\/385"}],"collection":[{"href":"http:\/\/cajovnajasminka.sk\/index.php?rest_route=\/wp\/v2\/product"}],"about":[{"href":"http:\/\/cajovnajasminka.sk\/index.php?rest_route=\/wp\/v2\/types\/product"}],"replies":[{"embeddable":true,"href":"http:\/\/cajovnajasminka.sk\/index.php?rest_route=%2Fwp%2Fv2%2Fcomments&post=385"}],"wp:featuredmedia":[{"embeddable":true,"href":"http:\/\/cajovnajasminka.sk\/index.php?rest_route=\/wp\/v2\/media\/1991"}],"wp:attachment":[{"href":"http:\/\/cajovnajasminka.sk\/index.php?rest_route=%2Fwp%2Fv2%2Fmedia&parent=385"}],"curies":[{"name":"wp","href":"https:\/\/api.w.org\/{rel}","templated":true}]}}