{"id":384,"date":"2017-05-03T13:45:13","date_gmt":"2017-05-03T11:45:13","guid":{"rendered":"http:\/\/cajovnajasminka.sk\/?post_type=product&#038;p=384"},"modified":"2023-02-15T10:02:11","modified_gmt":"2023-02-15T09:02:11","slug":"klby-bylinny-caj-porciovany","status":"publish","type":"product","link":"http:\/\/cajovnajasminka.sk\/?product=klby-bylinny-caj-porciovany","title":{"rendered":"K\u013aby-Bylinn\u00fd \u010daj porciovan\u00fd"},"content":{"rendered":"<p>\u010cesk\u00fd kvalitn\u00fd sypan\u00fd bylinn\u00fd \u010daj zostavovan\u00fd pod\u013ea origin\u00e1lnej recept\u00fary, chr\u00e1nen\u00fd ochrannou zn\u00e1mkou, ur\u010den\u00fd na konkr\u00e9tny probl\u00e9m.<\/p>\n<p><strong>Zlo\u017eenie :\u00a0<\/strong><\/p>\n<p><strong>Baza \u010dierna plod<\/strong> \u2013 podporuje <strong>prirodzen\u00fd stav k\u013abov<\/strong>, vylu\u010dovanie<br \/>\n<strong>\u017dih\u013eava\u00a0v\u0148a\u0165<\/strong> \u2013 podporuje k\u013aby, imunitu, <strong>obsahuje miner\u00e1ly<\/strong><br \/>\n<strong>Zlatoby\u013e v\u0148a\u0165<\/strong> \u2013 podporuje mo\u010dov\u00e9 \u00fastrojenstvo, k\u013aby<br \/>\n<strong>T\u00fa\u017eobn\u00edk v\u0148a\u0165<\/strong> \u2013 podporuje prirodzen\u00fd <strong>stav k\u013abov a kost\u00ed<br \/>\n<\/strong><strong>Truskavec v\u0148a\u0165<\/strong> \u2013 podporuje \u010dinnos\u0165 tr\u00e1viaceho traktu<br \/>\n<strong>Breza list<\/strong> \u2013 podporuje spr\u00e1vnou <strong>funkciu obli\u010diek<\/strong>\u00a0a mo\u010dov\u00e9ho \u00fastrojenstva<br \/>\n<strong>P\u00fapava kore\u0148<\/strong>\u00a0\u2013 podporuje o\u010distu, <strong>detoxik\u00e1ciu<\/strong><\/p>\n<p><strong>Obsah balenia : 15 x 2,5 g <\/strong><\/p>\n","protected":false},"excerpt":{"rendered":"<p><strong>Obsah balenia : 15 x 2,5 g <\/strong><\/p>\n","protected":false},"featured_media":1970,"comment_status":"open","ping_status":"closed","template":"","meta":[],"_links":{"self":[{"href":"http:\/\/cajovnajasminka.sk\/index.php?rest_route=\/wp\/v2\/product\/384"}],"collection":[{"href":"http:\/\/cajovnajasminka.sk\/index.php?rest_route=\/wp\/v2\/product"}],"about":[{"href":"http:\/\/cajovnajasminka.sk\/index.php?rest_route=\/wp\/v2\/types\/product"}],"replies":[{"embeddable":true,"href":"http:\/\/cajovnajasminka.sk\/index.php?rest_route=%2Fwp%2Fv2%2Fcomments&post=384"}],"wp:featuredmedia":[{"embeddable":true,"href":"http:\/\/cajovnajasminka.sk\/index.php?rest_route=\/wp\/v2\/media\/1970"}],"wp:attachment":[{"href":"http:\/\/cajovnajasminka.sk\/index.php?rest_route=%2Fwp%2Fv2%2Fmedia&parent=384"}],"curies":[{"name":"wp","href":"https:\/\/api.w.org\/{rel}","templated":true}]}}