{"id":378,"date":"2017-05-03T13:44:51","date_gmt":"2017-05-03T11:44:51","guid":{"rendered":"http:\/\/cajovnajasminka.sk\/?post_type=product&#038;p=378"},"modified":"2023-02-15T10:03:20","modified_gmt":"2023-02-15T09:03:20","slug":"hemeroid-bylinny-caj-porciovany","status":"publish","type":"product","link":"http:\/\/cajovnajasminka.sk\/?product=hemeroid-bylinny-caj-porciovany","title":{"rendered":"Hemorin-Bylinn\u00fd \u010daj porciovan\u00fd"},"content":{"rendered":"<p>\u010cesk\u00fd kvalitn\u00fd sypan\u00fd bylinn\u00fd \u010daj zostavovan\u00fd pod\u013ea origin\u00e1lnej recept\u00fary, chr\u00e1nen\u00fd ochrannou zn\u00e1mkou, ur\u010den\u00fd na konkr\u00e9tny probl\u00e9m.<\/p>\n<p><strong>Zlo\u017eenie :\u00a0<\/strong><\/p>\n<p><strong>Koko\u0161ka v\u0148a\u0165<\/strong> \u2013 podporuje cievy, krvn\u00fd obeh, z<strong>ni\u017euje krv\u00e1canie<br \/>\n<\/strong><strong>Prasli\u010dka v\u0148a\u0165<\/strong> \u2013 podporuje <strong>elasticitu ciev<\/strong> a dobr\u00e9 tkaniv\u00e1<br \/>\n<strong>Rep\u00edk v\u0148a\u0165<\/strong> \u2013 podporuje<strong> \u010drev\u00e1, \u010drevn\u00fa peristaltiku<\/strong>, prekrvenie<br \/>\n<strong>Rebr\u00ed\u010dek v\u0148a\u0165<\/strong> \u2013 podporuje norm\u00e1lny stav ciev<br \/>\n<strong>Pohanka v\u0148a\u0165<\/strong> \u2013 podporuje cievny syst\u00e9m<br \/>\n<strong>\u017dih\u013eava v\u0148a\u0165<\/strong> \u2013 obsahuje <strong>miner\u00e1ly a \u017eelezo<\/strong><\/p>\n<p><strong>Obsah balenia : 15 x 2,5 g <\/strong><\/p>\n","protected":false},"excerpt":{"rendered":"<p><strong>Obsah balenia : 15 x 2,5 g <\/strong><\/p>\n","protected":false},"featured_media":1964,"comment_status":"open","ping_status":"closed","template":"","meta":[],"_links":{"self":[{"href":"http:\/\/cajovnajasminka.sk\/index.php?rest_route=\/wp\/v2\/product\/378"}],"collection":[{"href":"http:\/\/cajovnajasminka.sk\/index.php?rest_route=\/wp\/v2\/product"}],"about":[{"href":"http:\/\/cajovnajasminka.sk\/index.php?rest_route=\/wp\/v2\/types\/product"}],"replies":[{"embeddable":true,"href":"http:\/\/cajovnajasminka.sk\/index.php?rest_route=%2Fwp%2Fv2%2Fcomments&post=378"}],"wp:featuredmedia":[{"embeddable":true,"href":"http:\/\/cajovnajasminka.sk\/index.php?rest_route=\/wp\/v2\/media\/1964"}],"wp:attachment":[{"href":"http:\/\/cajovnajasminka.sk\/index.php?rest_route=%2Fwp%2Fv2%2Fmedia&parent=378"}],"curies":[{"name":"wp","href":"https:\/\/api.w.org\/{rel}","templated":true}]}}