{"id":375,"date":"2017-05-03T13:44:27","date_gmt":"2017-05-03T11:44:27","guid":{"rendered":"http:\/\/cajovnajasminka.sk\/?post_type=product&#038;p=375"},"modified":"2023-02-15T10:04:01","modified_gmt":"2023-02-15T09:04:01","slug":"anti-mls-bylinny-caj-porciovany","status":"publish","type":"product","link":"http:\/\/cajovnajasminka.sk\/?product=anti-mls-bylinny-caj-porciovany","title":{"rendered":"Antimls-Bylinn\u00fd \u010daj porciovan\u00fd"},"content":{"rendered":"<p>\u010cesk\u00fd kvalitn\u00fd sypan\u00fd bylinn\u00fd \u010daj zostavovan\u00fd pod\u013ea origin\u00e1lnej recept\u00fary, chr\u00e1nen\u00fd ochrannou zn\u00e1mkou, ur\u010den\u00fd na konkr\u00e9tny probl\u00e9m.<\/p>\n<p><strong>Zlo\u017eenie :\u00a0<\/strong><\/p>\n<p><strong>\u010cierna r\u00edbez\u013ea list<\/strong> \u2013 podporuje \u00fabytok na v\u00e1he, normalizuje chu\u0165 k\u00a0jedlu<br \/>\n<strong>\u013dan semeno<\/strong> \u2013 zni\u017euje chu\u0165 k jedlu<br \/>\n<strong>Lipkavec\u00a0v\u0148a\u0165<\/strong> \u2013 podporuje lymfatick\u00fd syst\u00e9m<br \/>\n<strong>Kukurica blizny<\/strong> \u2013podporuje obli\u010dky<\/p>\n<p><strong>Obsah balenia : 15 x 2,5 g <\/strong><\/p>\n<p>&nbsp;<\/p>\n","protected":false},"excerpt":{"rendered":"<p><strong>Obsah balenia : 15 x 2,5 g <\/strong><\/p>\n","protected":false},"featured_media":1946,"comment_status":"open","ping_status":"closed","template":"","meta":[],"_links":{"self":[{"href":"http:\/\/cajovnajasminka.sk\/index.php?rest_route=\/wp\/v2\/product\/375"}],"collection":[{"href":"http:\/\/cajovnajasminka.sk\/index.php?rest_route=\/wp\/v2\/product"}],"about":[{"href":"http:\/\/cajovnajasminka.sk\/index.php?rest_route=\/wp\/v2\/types\/product"}],"replies":[{"embeddable":true,"href":"http:\/\/cajovnajasminka.sk\/index.php?rest_route=%2Fwp%2Fv2%2Fcomments&post=375"}],"wp:featuredmedia":[{"embeddable":true,"href":"http:\/\/cajovnajasminka.sk\/index.php?rest_route=\/wp\/v2\/media\/1946"}],"wp:attachment":[{"href":"http:\/\/cajovnajasminka.sk\/index.php?rest_route=%2Fwp%2Fv2%2Fmedia&parent=375"}],"curies":[{"name":"wp","href":"https:\/\/api.w.org\/{rel}","templated":true}]}}