{"id":369,"date":"2017-05-03T13:28:59","date_gmt":"2017-05-03T11:28:59","guid":{"rendered":"http:\/\/cajovnajasminka.sk\/?post_type=product&#038;p=369"},"modified":"2023-02-15T10:04:13","modified_gmt":"2023-02-15T09:04:13","slug":"anti-candid-bylinny-caj-porciovany","status":"publish","type":"product","link":"http:\/\/cajovnajasminka.sk\/?product=anti-candid-bylinny-caj-porciovany","title":{"rendered":"Anticandid-Bylinn\u00fd \u010daj porciovan\u00fd"},"content":{"rendered":"<p>\u010cesk\u00fd kvalitn\u00fd sypan\u00fd bylinn\u00fd \u010daj zostavovan\u00fd pod\u013ea origin\u00e1lnej recept\u00fary, chr\u00e1nen\u00fd ochrannou zn\u00e1mkou, ur\u010den\u00fd na konkr\u00e9tny probl\u00e9m.<\/p>\n<p><strong>Zlo\u017eenie :\u00a0<\/strong><\/p>\n<p><strong>Necht\u00edk\u00a0kvet<\/strong> \u2013podporuje <strong>prirodzen\u00fa vagin\u00e1lnu mikrofl\u00f3ru<\/strong>, funkciu pe\u010dene a \u010driev<br \/>\n<strong>Alchemilka\u00a0v\u0148a\u0165<\/strong> \u2013napom\u00e1ha\u00a0<strong>norm\u00e1lnej funkci\u00ed \u017eensk\u00fdch pohlavn\u00fdch org\u00e1nov<\/strong><br \/>\n<strong>Skorocel<\/strong>\u00a0\u2013 podporuje norm\u00e1lnu <strong>\u010drevn\u00fa\u00a0mikrofl\u00f3ru<\/strong> a mikrobi\u00e1lnu rovnov\u00e1hu<br \/>\n<strong>Prasli\u010dka v\u0148a\u0165<\/strong> \u2013 napom\u00e1ha norm\u00e1lnemu stavu ko\u017ee a tkan\u00edv, podporuje o\u010distu<br \/>\n<strong>Rebr\u00ed\u010dek v\u0148a\u0165<\/strong> &#8211; podporuje prirodzen\u00fa\u00a0<strong>men\u0161tru\u00e1ciu a klimakt\u00e9rium<\/strong><br \/>\n<strong>Kapuc\u00ednka\u00a0semeno<\/strong><\/p>\n<p><strong>Obsah balenia : 15 x 2,5 g <\/strong><\/p>\n","protected":false},"excerpt":{"rendered":"<p><strong>Obsah balenia : 15 x 2,5 g <\/strong><\/p>\n","protected":false},"featured_media":1945,"comment_status":"open","ping_status":"closed","template":"","meta":[],"_links":{"self":[{"href":"http:\/\/cajovnajasminka.sk\/index.php?rest_route=\/wp\/v2\/product\/369"}],"collection":[{"href":"http:\/\/cajovnajasminka.sk\/index.php?rest_route=\/wp\/v2\/product"}],"about":[{"href":"http:\/\/cajovnajasminka.sk\/index.php?rest_route=\/wp\/v2\/types\/product"}],"replies":[{"embeddable":true,"href":"http:\/\/cajovnajasminka.sk\/index.php?rest_route=%2Fwp%2Fv2%2Fcomments&post=369"}],"wp:featuredmedia":[{"embeddable":true,"href":"http:\/\/cajovnajasminka.sk\/index.php?rest_route=\/wp\/v2\/media\/1945"}],"wp:attachment":[{"href":"http:\/\/cajovnajasminka.sk\/index.php?rest_route=%2Fwp%2Fv2%2Fmedia&parent=369"}],"curies":[{"name":"wp","href":"https:\/\/api.w.org\/{rel}","templated":true}]}}