{"id":367,"date":"2017-05-03T13:28:53","date_gmt":"2017-05-03T11:28:53","guid":{"rendered":"http:\/\/cajovnajasminka.sk\/?post_type=product&#038;p=367"},"modified":"2023-02-15T10:04:43","modified_gmt":"2023-02-15T09:04:43","slug":"analgetik-bylinny-caj-porciovany","status":"publish","type":"product","link":"http:\/\/cajovnajasminka.sk\/?product=analgetik-bylinny-caj-porciovany","title":{"rendered":"Analgetik-Bylinn\u00fd \u010daj porciovan\u00fd"},"content":{"rendered":"<p>\u010cesk\u00fd kvalitn\u00fd sypan\u00fd bylinn\u00fd \u010daj zostavovan\u00fd pod\u013ea origin\u00e1lnej recept\u00fary, chr\u00e1nen\u00fd ochrannou zn\u00e1mkou, ur\u010den\u00fd na konkr\u00e9tny probl\u00e9m.<\/p>\n<p><strong>Zlo\u017eenie :\u00a0<\/strong><\/p>\n<p><strong>\u0160korica k\u00f4ra<\/strong> \u2013 podporuje spr\u00e1vnu funkciu nervov\u00e9ho apar\u00e1tu, tlm\u00ed neuralgie<br \/>\n<strong>Baza \u010dierna plod<\/strong> \u2013 podporuje k\u013aby, pohybov\u00fd apar\u00e1t<br \/>\n<strong>Ovos plod<\/strong> \u2013 podporuje detoxik\u00e1ciu, pohybov\u00fd apar\u00e1t, prirodzen\u00fa men\u0161tru\u00e1ciu<br \/>\n<strong>\u017delezn\u00edk\u00a0v\u0148a\u0165<\/strong> \u2013 napom\u00e1ha norm\u00e1lnej\u00a0<strong>funkci\u00ed pohybov\u00e9ho apar\u00e1tu, uvo\u013e\u0148uje<br \/>\n<\/strong><strong>N\u00e1tr\u017en\u00edk\u00a0hus\u00ed v\u0148a\u0165<\/strong> \u2013 podporuje <strong>norm\u00e1lny priebeh men\u0161tru\u00e1cie, uvo\u013e\u0148uje<\/strong><\/p>\n<p><strong>Obsah balenia : 15 x 2,5 g <\/strong><\/p>\n","protected":false},"excerpt":{"rendered":"<p><strong>Obsah balenia : 15 x 2,5 g <\/strong><\/p>\n","protected":false},"featured_media":1943,"comment_status":"open","ping_status":"closed","template":"","meta":[],"_links":{"self":[{"href":"http:\/\/cajovnajasminka.sk\/index.php?rest_route=\/wp\/v2\/product\/367"}],"collection":[{"href":"http:\/\/cajovnajasminka.sk\/index.php?rest_route=\/wp\/v2\/product"}],"about":[{"href":"http:\/\/cajovnajasminka.sk\/index.php?rest_route=\/wp\/v2\/types\/product"}],"replies":[{"embeddable":true,"href":"http:\/\/cajovnajasminka.sk\/index.php?rest_route=%2Fwp%2Fv2%2Fcomments&post=367"}],"wp:featuredmedia":[{"embeddable":true,"href":"http:\/\/cajovnajasminka.sk\/index.php?rest_route=\/wp\/v2\/media\/1943"}],"wp:attachment":[{"href":"http:\/\/cajovnajasminka.sk\/index.php?rest_route=%2Fwp%2Fv2%2Fmedia&parent=367"}],"curies":[{"name":"wp","href":"https:\/\/api.w.org\/{rel}","templated":true}]}}