{"id":358,"date":"2017-05-03T13:03:31","date_gmt":"2017-05-03T11:03:31","guid":{"rendered":"http:\/\/cajovnajasminka.sk\/?post_type=product&#038;p=358"},"modified":"2023-02-15T10:05:29","modified_gmt":"2023-02-15T09:05:29","slug":"dna-bylinny-porciovany","status":"publish","type":"product","link":"http:\/\/cajovnajasminka.sk\/?product=dna-bylinny-porciovany","title":{"rendered":"Re-Dna-Bylinn\u00fd porciovan\u00fd"},"content":{"rendered":"<p>\u010cesk\u00fd kvalitn\u00fd sypan\u00fd bylinn\u00fd \u010daj zostavovan\u00fd pod\u013ea origin\u00e1lnej recept\u00fary, chr\u00e1nen\u00fd ochrannou zn\u00e1mkou, ur\u010den\u00fd na konkr\u00e9tny probl\u00e9m.<\/p>\n<p><strong>Zlo\u017eenie :\u00a0<\/strong><\/p>\n<p><strong>\u017dih\u013eava\u00a0v\u0148a\u0165<\/strong> \u2013podporuje\u00a0spr\u00e1vnu funkciu<strong>\u00a0obli\u010diek, k\u013abov a imunity<\/strong><br \/>\n<strong>Breza\u00a0list &#8211; <\/strong>podporuje<strong> o\u010distu a <\/strong>napom\u00e1ha spr\u00e1vnej<strong>\u00a0funkcii obli\u010diek\u00a0<\/strong>hlavne pri metabolizme<strong>\u00a0kyseliny mo\u010dovej<br \/>\nZlatoby\u013e v\u0148a\u0165 &#8211; <\/strong>podporuje<strong> mo\u010dov\u00e9 \u00fastrojenstvo \u00a0\u00a0<\/strong><br \/>\n<strong>Prietr\u017en\u00edk v\u0148a\u0165<\/strong>\u00a0&#8211; podporuje <strong>o\u010distu organizmu<\/strong><br \/>\n<strong>Ihlica kore\u0148<\/strong>\u00a0\u2013 podporuje <strong>o\u010distu k\u013abov<\/strong><br \/>\n<strong>Pivo\u0148ka kvet<\/strong>&#8211; podporuje <strong>prirodzen\u00e9 funkcie tela<\/strong><\/p>\n<p><strong>Obsah balenia : 15 x 2,5 g\u00a0<\/strong><\/p>\n","protected":false},"excerpt":{"rendered":"<p><strong>Obsah balenia : 15 x 2,5 g<\/strong><\/p>\n","protected":false},"featured_media":1983,"comment_status":"open","ping_status":"closed","template":"","meta":[],"_links":{"self":[{"href":"http:\/\/cajovnajasminka.sk\/index.php?rest_route=\/wp\/v2\/product\/358"}],"collection":[{"href":"http:\/\/cajovnajasminka.sk\/index.php?rest_route=\/wp\/v2\/product"}],"about":[{"href":"http:\/\/cajovnajasminka.sk\/index.php?rest_route=\/wp\/v2\/types\/product"}],"replies":[{"embeddable":true,"href":"http:\/\/cajovnajasminka.sk\/index.php?rest_route=%2Fwp%2Fv2%2Fcomments&post=358"}],"wp:featuredmedia":[{"embeddable":true,"href":"http:\/\/cajovnajasminka.sk\/index.php?rest_route=\/wp\/v2\/media\/1983"}],"wp:attachment":[{"href":"http:\/\/cajovnajasminka.sk\/index.php?rest_route=%2Fwp%2Fv2%2Fmedia&parent=358"}],"curies":[{"name":"wp","href":"https:\/\/api.w.org\/{rel}","templated":true}]}}