{"id":357,"date":"2017-05-03T13:03:29","date_gmt":"2017-05-03T11:03:29","guid":{"rendered":"http:\/\/cajovnajasminka.sk\/?post_type=product&#038;p=357"},"modified":"2023-02-15T10:05:46","modified_gmt":"2023-02-15T09:05:46","slug":"anti-stres-bylinny-caj-porciovany","status":"publish","type":"product","link":"http:\/\/cajovnajasminka.sk\/?product=anti-stres-bylinny-caj-porciovany","title":{"rendered":"Antistres-Bylinn\u00fd \u010daj porciovan\u00fd"},"content":{"rendered":"<p>\u010cesk\u00fd kvalitn\u00fd sypan\u00fd bylinn\u00fd \u010daj zostavovan\u00fd pod\u013ea origin\u00e1lnej recept\u00fary, chr\u00e1nen\u00fd ochrannou zn\u00e1mkou, ur\u010den\u00fd na konkr\u00e9tny probl\u00e9m.<\/p>\n<p><strong>Zlo\u017eenie :\u00a0<\/strong><\/p>\n<p><strong>Dobromyse\u013e v\u0148a\u0165<\/strong> \u2013 podporuje psychiku, sp\u00e1nok, uvo\u013e\u0148uje tr\u00e1venie, \u010drev\u00e1<br \/>\n<strong>M\u00e4ta v\u0148a\u0165<\/strong> \u2013 podporuje relax\u00e1ciu, tr\u00e1viaci trakt<br \/>\n<strong>Materina d\u00fa\u0161ka v\u0148a\u0165<\/strong> \u2013 podporuje d\u00fdchaciu s\u00fastavu<br \/>\n<strong>Ovos plod<\/strong> \u2013 podporuje tr\u00e1venie a hormon\u00e1lnu vyrovnanos\u0165<br \/>\n<strong>Angelika kore\u0148<\/strong>\u00a0\u2013 podporuje spr\u00e1vne pH tr\u00e1viaceho traktu a chu\u0165 k jedlu<br \/>\n<strong>Trezalka v\u0148a\u0165<\/strong> \u2013 podporuje dobr\u00fa n\u00e1ladu, sp\u00e1nok, p\u00f4sob\u00ed pri \u00fanave a strese<\/p>\n<p><b>Obsah balenia : 15 x 2,5 g\u00a0<\/b><\/p>\n","protected":false},"excerpt":{"rendered":"<p><b>Obsah balenia : 15 x 2,5 g\u00a0<\/b><\/p>\n<p>&nbsp;<\/p>\n","protected":false},"featured_media":1949,"comment_status":"open","ping_status":"closed","template":"","meta":[],"_links":{"self":[{"href":"http:\/\/cajovnajasminka.sk\/index.php?rest_route=\/wp\/v2\/product\/357"}],"collection":[{"href":"http:\/\/cajovnajasminka.sk\/index.php?rest_route=\/wp\/v2\/product"}],"about":[{"href":"http:\/\/cajovnajasminka.sk\/index.php?rest_route=\/wp\/v2\/types\/product"}],"replies":[{"embeddable":true,"href":"http:\/\/cajovnajasminka.sk\/index.php?rest_route=%2Fwp%2Fv2%2Fcomments&post=357"}],"wp:featuredmedia":[{"embeddable":true,"href":"http:\/\/cajovnajasminka.sk\/index.php?rest_route=\/wp\/v2\/media\/1949"}],"wp:attachment":[{"href":"http:\/\/cajovnajasminka.sk\/index.php?rest_route=%2Fwp%2Fv2%2Fmedia&parent=357"}],"curies":[{"name":"wp","href":"https:\/\/api.w.org\/{rel}","templated":true}]}}