{"id":354,"date":"2017-05-03T12:56:40","date_gmt":"2017-05-03T10:56:40","guid":{"rendered":"http:\/\/cajovnajasminka.sk\/?post_type=product&#038;p=354"},"modified":"2023-02-15T10:06:10","modified_gmt":"2023-02-15T09:06:10","slug":"chripka-bylinny-caj-porciovany","status":"publish","type":"product","link":"http:\/\/cajovnajasminka.sk\/?product=chripka-bylinny-caj-porciovany","title":{"rendered":"Nachladnutie-Bylinn\u00fd \u010daj porciovan\u00fd"},"content":{"rendered":"<p>\u010cesk\u00fd kvalitn\u00fd sypan\u00fd bylinn\u00fd \u010daj zostavovan\u00fd pod\u013ea origin\u00e1lnej recept\u00fary, chr\u00e1nen\u00fd ochrannou zn\u00e1mkou, ur\u010den\u00fd na konkr\u00e9tny probl\u00e9m.<\/p>\n<p><strong>Zlo\u017eenie :\u00a0<\/strong><\/p>\n<p><strong>Lipa kvet<\/strong> &#8211; podporuje\u00a0<strong>d\u00fdchanie<\/strong>, imunitu<br \/>\n<strong>Baza \u010dierna kvet<\/strong> &#8211; podporuje <strong>horn\u00e9 d\u00fdchacie cesty\u00a0<\/strong><br \/>\n<strong>\u0160\u00edpka plod<\/strong> &#8211; podporuje <strong>imunitu<\/strong>, hojenie, tonizuje telo<br \/>\n<strong>Divozel\u00a0kvet<\/strong> &#8211; podporuje<strong> kvalitu slizn\u00edc<\/strong> a d\u00fdchanie<br \/>\n<strong>V\u0155ba k\u00f4ra<\/strong> \u2013 celkovo\u00a0<strong>posil\u0148uje organizmus<\/strong><br \/>\n<strong>Podbe\u013e list<\/strong> &#8211; podporuje horn\u00e9 d\u00fdchacie cesty a imunitu<\/p>\n<p><b>Obsah balenia : 15 x 2,5 g\u00a0<\/b><\/p>\n","protected":false},"excerpt":{"rendered":"<p><b>Obsah balenia : 15 x 2,5 g\u00a0<\/b><\/p>\n","protected":false},"featured_media":1952,"comment_status":"open","ping_status":"closed","template":"","meta":[],"_links":{"self":[{"href":"http:\/\/cajovnajasminka.sk\/index.php?rest_route=\/wp\/v2\/product\/354"}],"collection":[{"href":"http:\/\/cajovnajasminka.sk\/index.php?rest_route=\/wp\/v2\/product"}],"about":[{"href":"http:\/\/cajovnajasminka.sk\/index.php?rest_route=\/wp\/v2\/types\/product"}],"replies":[{"embeddable":true,"href":"http:\/\/cajovnajasminka.sk\/index.php?rest_route=%2Fwp%2Fv2%2Fcomments&post=354"}],"wp:featuredmedia":[{"embeddable":true,"href":"http:\/\/cajovnajasminka.sk\/index.php?rest_route=\/wp\/v2\/media\/1952"}],"wp:attachment":[{"href":"http:\/\/cajovnajasminka.sk\/index.php?rest_route=%2Fwp%2Fv2%2Fmedia&parent=354"}],"curies":[{"name":"wp","href":"https:\/\/api.w.org\/{rel}","templated":true}]}}