{"id":348,"date":"2017-05-03T12:29:09","date_gmt":"2017-05-03T10:29:09","guid":{"rendered":"http:\/\/cajovnajasminka.sk\/?post_type=product&#038;p=348"},"modified":"2023-01-19T10:24:10","modified_gmt":"2023-01-19T09:24:10","slug":"khana-detsky-caj-na-dobre-travenie","status":"publish","type":"product","link":"http:\/\/cajovnajasminka.sk\/?product=khana-detsky-caj-na-dobre-travenie","title":{"rendered":"Khana-detsk\u00fd \u010daj na dobr\u00e9 tr\u00e1venie"},"content":{"rendered":"<p>Himal\u00e1jske byliny sa u\u017e po cel\u00e9 st\u00e1ro\u010dia pou\u017e\u00edvaj\u00fa k optimaliz\u00e1cii du\u0161evn\u00fdch a telesn\u00fdch funkci\u00ed organizmu. S\u00fa z\u00e1kladom tradi\u010dn\u00e9ho ajurv\u00e9dsk\u00e9ho lek\u00e1rstva, ktor\u00e9 ich pou\u017e\u00edva v mnoh\u00fdch najr\u00f4znej\u0161\u00edch kombin\u00e1ci\u00e1ch.<\/p>\n<p><strong>\u010caj Khana prospieva dobr\u00e9mu za\u017e\u00edvania<br \/>\nP\u00f4sob\u00ed priaznivo pri nad\u00favan\u00ed a optimalizuje tr\u00e1venie<br \/>\nPozit\u00edvne ovplyv\u0148uje \u017eal\u00fado\u010dno-\u010drevn\u00e9 \u010dinnos\u0165<br \/>\nPrispieva k spr\u00e1vnej funkcii \u010drevn\u00e9ho traktu<\/strong><\/p>\n<p><strong>Zlo\u017eenie :\u00a0<\/strong><\/p>\n<p>Bel (Aegle marmelos), \u0161koricovn\u00edk \u010d\u00ednsky (Cinnamomum cassia), chebula srd\u010dit\u00e1 &#8211; Guduchi (Tinospora cordifolia), sladovka hladkoplod\u00e1 &#8211; sladk\u00e9 drievko (Glycyrrhiza glabra), senovka gr\u00e9cka (Trigonella foenum-graecum), \u0161achor okr\u00fahly (Chlorocyperus eragrostis), Triphala (Embilika lek\u00e1rska, Terminalia bellerica, Terminalia chebula), Vidanga (Embelia ribes), z\u00e1zvorovn\u00edk lek\u00e1rsky &#8211; z\u00e1zvor (Zingiber origgicinalis).<\/p>\n<p><strong>Hmotnos\u0165 :<\/strong>\u00a0100 g<\/p>\n","protected":false},"excerpt":{"rendered":"<p>Himal\u00e1jske byliny sa u\u017e po cel\u00e9 st\u00e1ro\u010dia pou\u017e\u00edvaj\u00fa k optimaliz\u00e1cii du\u0161evn\u00fdch a telesn\u00fdch funkci\u00ed organizmu. S\u00fa z\u00e1kladom tradi\u010dn\u00e9ho ajurv\u00e9dsk\u00e9ho lek\u00e1rstva, ktor\u00e9 ich pou\u017e\u00edva v mnoh\u00fdch najr\u00f4znej\u0161\u00edch kombin\u00e1ci\u00e1ch. \u010caj Khana prospieva dobr\u00e9mu za\u017e\u00edvania P\u00f4sob\u00ed priaznivo pri nad\u00favan\u00ed a optimalizuje tr\u00e1venie Pozit\u00edvne ovplyv\u0148uje \u017eal\u00fado\u010dno-\u010drevn\u00e9 \u010dinnos\u0165 Prispieva k spr\u00e1vnej funkcii \u010drevn\u00e9ho traktu Zlo\u017eenie :\u00a0 Bel (Aegle marmelos), \u0161koricovn\u00edk<\/p>\n","protected":false},"featured_media":349,"comment_status":"open","ping_status":"closed","template":"","meta":[],"_links":{"self":[{"href":"http:\/\/cajovnajasminka.sk\/index.php?rest_route=\/wp\/v2\/product\/348"}],"collection":[{"href":"http:\/\/cajovnajasminka.sk\/index.php?rest_route=\/wp\/v2\/product"}],"about":[{"href":"http:\/\/cajovnajasminka.sk\/index.php?rest_route=\/wp\/v2\/types\/product"}],"replies":[{"embeddable":true,"href":"http:\/\/cajovnajasminka.sk\/index.php?rest_route=%2Fwp%2Fv2%2Fcomments&post=348"}],"wp:featuredmedia":[{"embeddable":true,"href":"http:\/\/cajovnajasminka.sk\/index.php?rest_route=\/wp\/v2\/media\/349"}],"wp:attachment":[{"href":"http:\/\/cajovnajasminka.sk\/index.php?rest_route=%2Fwp%2Fv2%2Fmedia&parent=348"}],"curies":[{"name":"wp","href":"https:\/\/api.w.org\/{rel}","templated":true}]}}