{"id":3461,"date":"2022-04-22T22:23:51","date_gmt":"2022-04-22T20:23:51","guid":{"rendered":"http:\/\/cajovnajasminka.sk\/?post_type=product&#038;p=3461"},"modified":"2022-04-22T22:25:48","modified_gmt":"2022-04-22T20:25:48","slug":"bambusova-metlicka-na-matcha-caj","status":"publish","type":"product","link":"http:\/\/cajovnajasminka.sk\/?product=bambusova-metlicka-na-matcha-caj","title":{"rendered":"Bambusov\u00e1 metli\u010dka na matcha \u010daj"},"content":{"rendered":"<p>Origin\u00e1lne autentick\u00e9 pr\u00edslu\u0161enstvo pre ka\u017ed\u00e9ho milovn\u00edka zelen\u00e9ho pr\u00e1\u0161kov\u00e9ho \u010daju Matcha. T\u00e1to metli\u010dka je ru\u010dne vyroben\u00e1 v Japonsku p\u00f4vodn\u00fdm postupom, v ktorom sa bambus nare\u017ee do tenk\u00fdch pramienkov, aby tak sformoval trv\u00e1cnu metli\u010dku. Balen\u00e9 v origin\u00e1lnej krabi\u010dke.<\/p>\n<p>&nbsp;<\/p>\n<p>&nbsp;<\/p>\n","protected":false},"excerpt":{"rendered":"<p>Origin\u00e1lne autentick\u00e9 pr\u00edslu\u0161enstvo pre ka\u017ed\u00e9ho milovn\u00edka zelen\u00e9ho pr\u00e1\u0161kov\u00e9ho \u010daju Matcha. T\u00e1to metli\u010dka je ru\u010dne vyroben\u00e1 v Japonsku p\u00f4vodn\u00fdm postupom, v ktorom sa bambus nare\u017ee do tenk\u00fdch pramienkov, aby tak sformoval trv\u00e1cnu metli\u010dku. Balen\u00e9 v origin\u00e1lnej krabi\u010dke. &nbsp; &nbsp;<\/p>\n","protected":false},"featured_media":3462,"comment_status":"closed","ping_status":"closed","template":"","meta":[],"_links":{"self":[{"href":"http:\/\/cajovnajasminka.sk\/index.php?rest_route=\/wp\/v2\/product\/3461"}],"collection":[{"href":"http:\/\/cajovnajasminka.sk\/index.php?rest_route=\/wp\/v2\/product"}],"about":[{"href":"http:\/\/cajovnajasminka.sk\/index.php?rest_route=\/wp\/v2\/types\/product"}],"replies":[{"embeddable":true,"href":"http:\/\/cajovnajasminka.sk\/index.php?rest_route=%2Fwp%2Fv2%2Fcomments&post=3461"}],"wp:featuredmedia":[{"embeddable":true,"href":"http:\/\/cajovnajasminka.sk\/index.php?rest_route=\/wp\/v2\/media\/3462"}],"wp:attachment":[{"href":"http:\/\/cajovnajasminka.sk\/index.php?rest_route=%2Fwp%2Fv2%2Fmedia&parent=3461"}],"curies":[{"name":"wp","href":"https:\/\/api.w.org\/{rel}","templated":true}]}}