{"id":3453,"date":"2022-04-22T20:16:01","date_gmt":"2022-04-22T18:16:01","guid":{"rendered":"http:\/\/cajovnajasminka.sk\/?post_type=product&#038;p=3453"},"modified":"2023-01-19T09:05:31","modified_gmt":"2023-01-19T08:05:31","slug":"shukraprash-vitalita-muz","status":"publish","type":"product","link":"http:\/\/cajovnajasminka.sk\/?product=shukraprash-vitalita-muz","title":{"rendered":"Shukraprash &#8211; Vitalita mu\u017e"},"content":{"rendered":"<p><strong>Shukraprash je nutri\u010dn\u00fd bylinn\u00fd d\u017eem<\/strong> pre povzbudenie vitality a optim\u00e1lnu \u010dinnos\u0165 mu\u017eskej reproduk\u010dnej s\u00fastavy. Jej naru\u0161enie je sp\u00f4soben\u00e9 vy\u010derpan\u00edm energetick\u00fdch rezerv organizmu. Prejavuje sa \u00fanavou, vit\u00e1lnou ochablos\u0165ou, impotenciou, zn\u00ed\u017eenou imunitou, z\u00e1palom prostaty, infekciami mo\u010dov\u00fdch ciest a \u010fal\u0161\u00edmi poruchami reproduk\u010dn\u00e9ho \u00fastrojenstva.<\/p>\n<ul>\n<li><em>Kotvi\u010dn\u00edk zemn\u00fd<\/em>\u00a0priaznivo ovplyv\u0148uje funkciu<strong> mu\u017esk\u00e9ho reproduk\u010dn\u00e9ho syst\u00e9mu<\/strong><\/li>\n<li>Optimalizuje \u010dinnos\u0165 <strong>mo\u010dovej s\u00fastavy<\/strong><\/li>\n<li><em>\u0160parg\u013ea hroznovit\u00e1<\/em>\u00a0<strong>prospieva org\u00e1nom reproduk\u010dn\u00e9ho \u00fastrojenstva<\/strong><\/li>\n<li>Aktivuje \u010dinnos\u0165 <strong>hormon\u00e1lneho syst\u00e9mu<\/strong><\/li>\n<li><em>\u010eumbier lek\u00e1rsky<\/em>\u00a0povzbudzuje<strong> vitalitu<\/strong>\u00a0a <strong>\u017eivotn\u00fa energiu<\/strong><\/li>\n<li><em>Withania opojn\u00e1<\/em>\u00a0stimuluje pri <strong>\u00fanave, slabosti a vy\u010derpan\u00ed<\/strong><\/li>\n<li><em>Embilika lek\u00e1rska<\/em>\u00a0posil\u0148uje\u00a0komplexn\u00fa\u00a0<strong>imunitu<\/strong>\u00a0organizmu<\/li>\n<\/ul>\n<p><strong>Zlo\u017eenie :<\/strong> embilika lek\u00e1rska, kotvi\u010dn\u00edk zemn\u00fd, \u010fumbier lek\u00e1rsky, withania opojn\u00e1, \u0161parg\u013ea hroznovit\u00e1, sladovka hladkoplod\u00e1, sezam indick\u00fd (semen\u00e1), piepor \u010dierny, ghee (prepusten\u00e9 maslo), palmov\u00fd sirup<\/p>\n<p><strong>Doporu\u010den\u00e9 d\u00e1vkovanie :<\/strong>1 \u010dajov\u00fa ly\u017ei\u010dku (tj. 5g\/ly\u017ei\u010dku) 2 \u2013 3x denne samostatne alebo zapi\u0165 \u0161\u00e1lkou vla\u017en\u00e9ho mlieka \u010di vody. Pr\u00edprava lahodn\u00e9ho n\u00e1poja: 1 \u010dajov\u00fa ly\u017ei\u010dku rozmie\u0161ajte v 250 ml vla\u017en\u00e9ho mlieka \u010di vody.<\/p>\n<p>&nbsp;<\/p>\n<p>&nbsp;<\/p>\n<p>&nbsp;<\/p>\n","protected":false},"excerpt":{"rendered":"<p><strong>Gram\u00e1\u017e : 200 g bylinn\u00e9ho d\u017eemu<\/strong><\/p>\n<p><strong>Ajurv\u00e9dsky nutri\u010dn\u00fd elix\u00edr<\/strong><\/p>\n","protected":false},"featured_media":3454,"comment_status":"closed","ping_status":"closed","template":"","meta":[],"_links":{"self":[{"href":"http:\/\/cajovnajasminka.sk\/index.php?rest_route=\/wp\/v2\/product\/3453"}],"collection":[{"href":"http:\/\/cajovnajasminka.sk\/index.php?rest_route=\/wp\/v2\/product"}],"about":[{"href":"http:\/\/cajovnajasminka.sk\/index.php?rest_route=\/wp\/v2\/types\/product"}],"replies":[{"embeddable":true,"href":"http:\/\/cajovnajasminka.sk\/index.php?rest_route=%2Fwp%2Fv2%2Fcomments&post=3453"}],"wp:featuredmedia":[{"embeddable":true,"href":"http:\/\/cajovnajasminka.sk\/index.php?rest_route=\/wp\/v2\/media\/3454"}],"wp:attachment":[{"href":"http:\/\/cajovnajasminka.sk\/index.php?rest_route=%2Fwp%2Fv2%2Fmedia&parent=3453"}],"curies":[{"name":"wp","href":"https:\/\/api.w.org\/{rel}","templated":true}]}}