{"id":3449,"date":"2022-04-22T18:58:44","date_gmt":"2022-04-22T16:58:44","guid":{"rendered":"http:\/\/cajovnajasminka.sk\/?post_type=product&#038;p=3449"},"modified":"2023-01-19T09:06:04","modified_gmt":"2023-01-19T08:06:04","slug":"nayanaprash-oci-a-zrak","status":"publish","type":"product","link":"http:\/\/cajovnajasminka.sk\/?product=nayanaprash-oci-a-zrak","title":{"rendered":"Nayanaprash &#8211; o\u010di a zrak"},"content":{"rendered":"<p><strong>Nayanaprash je nutri\u010dn\u00fd bylinn\u00fd d\u017eem<\/strong> pre optimaliz\u00e1ciu zrakov\u00fdch funkci\u00ed a zlep\u0161enie kvality videnia. Medzi naj\u010dastej\u0161ie pr\u00ed\u010diny slabn\u00faceho zraku patr\u00ed jednostrann\u00e9 za\u0165a\u017eovanie o\u010d\u00ed v podobe zl\u00fdch n\u00e1vykov, ako je \u010d\u00edtanie na bruchu, nedostato\u010dn\u00e9 osvetlenie, pr\u00e1ca pri po\u010d\u00edta\u010di alebo sledovanie TV bez pravideln\u00fdch prest\u00e1vok. Nespr\u00e1vne dr\u017eanie tela spojen\u00e9 so sedav\u00fdm zamestnan\u00edm sp\u00f4sobuje stuhnutos\u0165 \u0161ije, neprekrvenie hlavy a nerovnomern\u00e9 za\u0165a\u017eovanie okohybn\u00fdch svalov. Na tomto z\u00e1klade m\u00f4\u017ee doch\u00e1dza\u0165 k rozvoju neurologick\u00fdch sympt\u00f3mov v podobe tlaku a bolesti o\u010d\u00ed, ktor\u00e9 zni\u017euj\u00fa komfort videnia v podobe kr\u00e1tkozrakosti, \u010falekozrakosti \u010di dokonca \u0161ed\u00e9ho alebo zelen\u00e9ho z\u00e1kalu.\u00a0Kvalitu zraku ovplyv\u0148uje tie\u017e psychick\u00e9 nap\u00e4tie, stres \u010di nedostatok sp\u00e1nku, ktor\u00e9 maj\u00fa za n\u00e1sledok boles\u0165 hlavy, za\u010dervenanie alebo p\u00e1lenie o\u010d\u00ed, syndr\u00f3m such\u00e9ho oka, z\u00e1pal spojiviek a celkov\u00fa \u00fanavu.<\/p>\n<ul>\n<li><em>Vrcholiak myrobal\u00e1nov\u00fd\u00a0<\/em>prospieva dobr\u00e9mu zraku a <strong>zlep\u0161uje kvalitu videnia<\/strong><\/li>\n<li><em>Terminalia chebula\u00a0<\/em>priaznivo p\u00f4sob\u00ed na optim\u00e1lnu \u010dinnos\u0165 <strong>zrakov\u00e9ho nervu<\/strong><\/li>\n<li><em>Pupo\u010dn\u00edk \u00e1zijsk\u00fd\u00a0<\/em>pom\u00e1ha osvie\u017eova\u0165 zrakovo-pozn\u00e1vacie funkcie<\/li>\n<li><em>Sladovka hladkoplod\u00e1\u00a0<\/em>prispieva k <strong>upokojeniu nervov\u00e9ho syst\u00e9mu<\/strong><\/li>\n<li><em>\u0160parg\u013ea hroznovit\u00e1\u00a0<\/em>p\u00f4sob\u00ed ako\u00a0<em>\u201erasaj\u00e1na<\/em>\u201c pre o<strong>mladenie a vitalitu organizmu<\/strong><\/li>\n<li><em>Eclipta alba\u00a0<\/em>podporuje <strong>du\u0161evn\u00e9 zdravie<\/strong> a spr\u00e1vnu \u010dinnos\u0165 <strong>pe\u010dene<\/strong><\/li>\n<li><em>Kurkumovn\u00edk dlh\u00fd\u00a0<\/em>prispieva ku kontrole z\u00e1palov\u00fdch reakci\u00ed<\/li>\n<\/ul>\n<p><strong>Zlo\u017eenie :<\/strong>vrcholiak myrobal\u00e1nov\u00fd, terminalia chebula, pupo\u010dn\u00edk \u00e1zijsk\u00fd, sladovka hladkoplod\u00e1, \u0161parg\u013ea hroznovit\u00e1, eclipta alba, kurkumovn\u00edk dlh\u00fd, berhavia rozlo\u017eit\u00e1, embilika lek\u00e1rska, fenikel oby\u010dajn\u00fd, kr\u00eddlok vakovit\u00fd, beng\u00e1lska dula, mand\u013ea oby\u010dajn\u00e1 (semeno-mandle), bedrovn\u00edk an\u00edzov\u00fd, klin\u010dekovec vo\u0148av\u00fd, dlh\u00e9 korenie, ghee (prepusten\u00e9 maslo), palmov\u00fd sirup<\/p>\n<p><strong>Doporu\u010den\u00e9 d\u00e1vkovanie :<\/strong>1 \u010dajov\u00fa ly\u017ei\u010dku (tj. 5g\/ly\u017ei\u010dku) 2 \u2013 3x denne samostatne alebo zapi\u0165 \u0161\u00e1lkou vla\u017en\u00e9ho mlieka \u010di vody. Pr\u00edprava lahodn\u00e9ho n\u00e1poja: 1 \u010dajov\u00fa ly\u017ei\u010dku rozmie\u0161ajte v 250 ml vla\u017en\u00e9ho mlieka \u010di vody.<\/p>\n<p>&nbsp;<\/p>\n<p>&nbsp;<\/p>\n<p>&nbsp;<\/p>\n","protected":false},"excerpt":{"rendered":"<p><strong>Gram\u00e1\u017e : 200 g bylinn\u00e9ho d\u017eemu<\/strong><\/p>\n<p><strong>Ajurv\u00e9dsky nutri\u010dn\u00fd elix\u00edr<\/strong><\/p>\n","protected":false},"featured_media":3452,"comment_status":"closed","ping_status":"closed","template":"","meta":[],"_links":{"self":[{"href":"http:\/\/cajovnajasminka.sk\/index.php?rest_route=\/wp\/v2\/product\/3449"}],"collection":[{"href":"http:\/\/cajovnajasminka.sk\/index.php?rest_route=\/wp\/v2\/product"}],"about":[{"href":"http:\/\/cajovnajasminka.sk\/index.php?rest_route=\/wp\/v2\/types\/product"}],"replies":[{"embeddable":true,"href":"http:\/\/cajovnajasminka.sk\/index.php?rest_route=%2Fwp%2Fv2%2Fcomments&post=3449"}],"wp:featuredmedia":[{"embeddable":true,"href":"http:\/\/cajovnajasminka.sk\/index.php?rest_route=\/wp\/v2\/media\/3452"}],"wp:attachment":[{"href":"http:\/\/cajovnajasminka.sk\/index.php?rest_route=%2Fwp%2Fv2%2Fmedia&parent=3449"}],"curies":[{"name":"wp","href":"https:\/\/api.w.org\/{rel}","templated":true}]}}