{"id":3446,"date":"2022-04-22T18:48:20","date_gmt":"2022-04-22T16:48:20","guid":{"rendered":"http:\/\/cajovnajasminka.sk\/?post_type=product&#038;p=3446"},"modified":"2023-01-19T09:06:21","modified_gmt":"2023-01-19T08:06:21","slug":"medaprash-redukcia-a-dieta","status":"publish","type":"product","link":"http:\/\/cajovnajasminka.sk\/?product=medaprash-redukcia-a-dieta","title":{"rendered":"Medaprash &#8211; Redukcia a di\u00e9ta"},"content":{"rendered":"<p><strong>Medaprash je nutri\u010dn\u00fd bylinn\u00fd d\u017eem<\/strong> pre redukciu tukov\u00e9ho tkaniva a optimaliz\u00e1ciu telesnej hmotnosti. Naru\u0161enie tohto tkaniva je sp\u00f4soben\u00e9 nadbyto\u010dnou stravou a spomalen\u00fdm metabolizmom. Prejavuje sa telesnou nadv\u00e1hou, lip\u00f3mami, poruchou pe\u010dene a slinivky bru\u0161nej, cukrovkou, art\u00e9rioskler\u00f3zou, vysok\u00fdm krvn\u00fdm tlakom, tvorbou zubn\u00e9ho kame\u0148a, letargiou, pasivitou a potrebou nadbyto\u010dn\u00e9ho sp\u00e1nku.<\/p>\n<ul>\n<li><em>Gymnema lesn\u00e1<\/em>\u00a0prispieva k\u00a0<strong>redukcii telesnej hmotnosti<\/strong><\/li>\n<li>P\u00f4sob\u00ed optim\u00e1lne na metabolizmus cukrov a tukov<\/li>\n<li><em>Vrcholiak myrobal\u00e1nov\u00fd<\/em>\u00a0<strong>normalizuje hladinu gluk\u00f3zy a cholesterolu<\/strong><\/li>\n<li><em>Oman prav\u00fd<\/em>\u00a0<strong>zni\u017euje chu\u0165 do jedla<\/strong>\u00a0a pom\u00e1ha <strong>vylu\u010dovaniu vody<\/strong><\/li>\n<li><em>Kurkumovn\u00edk dlh\u00fd<\/em>\u00a0podporuje \u010dinnos\u0165 <strong>pe\u010dene<\/strong> a\u00a0<strong>odb\u00faravanie tukov<\/strong><\/li>\n<li><em>\u010eumbier lek\u00e1rsky<\/em>\u00a0posil\u0148uje <strong>\u017eivotn\u00fa energiu<\/strong> a <strong>povzbudzuje<\/strong> organizmus<\/li>\n<li><em>Terminalia chebula<\/em>\u00a0prispieva k optim\u00e1lnym funkci\u00e1m <strong>gastrointestin\u00e1lneho traktu<\/strong><\/li>\n<\/ul>\n<p><strong>Zlo\u017eenie :<\/strong>embilika lek\u00e1rska, gymnema lesn\u00e1, oman prav\u00fd, kurkumovn\u00edk dlh\u00fd, terminalia chebula, \u010fumbier lek\u00e1rsky, vrcholiak myrobal\u00e1nov\u00fd, \u0161parg\u013ea hroznovit\u00e1, tinosp\u00f3ra srdcolist\u00e1, dlh\u00e9 korenie, piepor \u010dierny, kotvi\u010dn\u00edk zemn\u00fd, mand\u013ea oby\u010dajn\u00e1 (semeno -mand\u013ea), ghee (prepusten\u00e9 maslo), med, palmov\u00fd sirup<\/p>\n<p><strong>Doporu\u010den\u00e9 d\u00e1vkovanie :<\/strong>1 \u010dajov\u00fa ly\u017ei\u010dku (tj. 5g\/ly\u017ei\u010dku) 2 \u2013 3x denne samostatne alebo zapi\u0165 \u0161\u00e1lkou vla\u017en\u00e9ho mlieka \u010di vody. Pr\u00edprava lahodn\u00e9ho n\u00e1poja: 1 \u010dajov\u00fa ly\u017ei\u010dku rozmie\u0161ajte v 250 ml vla\u017en\u00e9ho mlieka \u010di vody.<\/p>\n<p>&nbsp;<\/p>\n<p>&nbsp;<\/p>\n<p>&nbsp;<\/p>\n","protected":false},"excerpt":{"rendered":"<p><strong>Gram\u00e1\u017e : 200 g bylinn\u00e9ho d\u017eemu<\/strong><\/p>\n<p><strong>Ajurv\u00e9dsky nutri\u010dn\u00fd elix\u00edr<\/strong><\/p>\n","protected":false},"featured_media":3447,"comment_status":"closed","ping_status":"closed","template":"","meta":[],"_links":{"self":[{"href":"http:\/\/cajovnajasminka.sk\/index.php?rest_route=\/wp\/v2\/product\/3446"}],"collection":[{"href":"http:\/\/cajovnajasminka.sk\/index.php?rest_route=\/wp\/v2\/product"}],"about":[{"href":"http:\/\/cajovnajasminka.sk\/index.php?rest_route=\/wp\/v2\/types\/product"}],"replies":[{"embeddable":true,"href":"http:\/\/cajovnajasminka.sk\/index.php?rest_route=%2Fwp%2Fv2%2Fcomments&post=3446"}],"wp:featuredmedia":[{"embeddable":true,"href":"http:\/\/cajovnajasminka.sk\/index.php?rest_route=\/wp\/v2\/media\/3447"}],"wp:attachment":[{"href":"http:\/\/cajovnajasminka.sk\/index.php?rest_route=%2Fwp%2Fv2%2Fmedia&parent=3446"}],"curies":[{"name":"wp","href":"https:\/\/api.w.org\/{rel}","templated":true}]}}