{"id":3441,"date":"2022-04-22T18:36:14","date_gmt":"2022-04-22T16:36:14","guid":{"rendered":"http:\/\/cajovnajasminka.sk\/?post_type=product&#038;p=3441"},"modified":"2023-01-19T09:07:17","modified_gmt":"2023-01-19T08:07:17","slug":"raktaprash-krv-a-pecen","status":"publish","type":"product","link":"http:\/\/cajovnajasminka.sk\/?product=raktaprash-krv-a-pecen","title":{"rendered":"Raktaprash &#8211; krv a pe\u010de\u0148"},"content":{"rendered":"<p><strong>Raktaprash je nutri\u010dn\u00fd bylinn\u00fd d\u017eem<\/strong> pre optim\u00e1lnu \u010dinnos\u0165 krvn\u00e9ho obehu a funkciu pe\u010dene. Naru\u0161enie krvn\u00e9ho tkaniva je sp\u00f4soben\u00e9 nedostato\u010dn\u00fdm mno\u017estvom \u017eeleza, zn\u00ed\u017eenou hladinou hemoglob\u00ednu alebo poruchou krvotvorby. Prejavuje sa oslabenou \u010dinnos\u0165ou pe\u010dene a sleziny, infekciami, z\u00e1palmi, hepatit\u00eddou, cirh\u00f3zou, \u017el\u010dov\u00fdmi kame\u0148mi, chudokrvnos\u0165ou, kol\u00edsav\u00fdm krvn\u00fdm tlakom, d\u00fdchavi\u010dnos\u0165ou, b\u00fa\u0161en\u00edm srdca, bledou poko\u017ekou, chladom a neprekrven\u00edm kon\u010dat\u00edn, zv\u00fd\u0161enou viskozitou krvi, k\u0155\u010dov\u00fdmi \u017eilami, art\u00e9rioskler\u00f3zou, aftami, akn\u00e9, ekz\u00e9mami, lupienkou, hemoroidami a silnou men\u0161tru\u00e1ciou.<\/p>\n<ul>\n<li><em>Pr\u00e1venka latnat\u00e1<\/em>\u00a0prospieva\u00a0funkcii <strong>pe\u010dene<\/strong> a t\u00fdm\u00a0<strong>krvotvorbe a recykl\u00e1cii \u017eeleza<\/strong><\/li>\n<li><em>Vrcholiak arjuna<\/em>\u00a0optimalizuje\u00a0<strong>\u010dinnos\u0165 pe\u010dene<\/strong>\u00a0a jej metabolick\u00e9 procesy<\/li>\n<li><em>Kurkumovn\u00edk dlh\u00fd<\/em>\u00a0prispieva k protiz\u00e1palovej ochrane pe\u010dene<\/li>\n<li>Priaznivo\u00a0<strong>ovplyv\u0148uje cirkul\u00e1ciu krvi<\/strong><\/li>\n<li><em>Santalovn\u00edk biely<\/em>\u00a0pom\u00e1ha <strong>pre\u010disteniu krvi a dobr\u00e9mu stavu poko\u017eky<\/strong><\/li>\n<li><em>\u0160koricovn\u00edk cejl\u00f3nsky<\/em>\u00a0prospieva \u010dinnosti <strong>srdcovo-cievnych funkci\u00ed<\/strong><\/li>\n<li><strong>Normalizuje hladinu gluk\u00f3zy a cholesterolu v krvi<\/strong><\/li>\n<\/ul>\n<p><strong>Zlo\u017eenie :<\/strong> embilika lek\u00e1rska, kurkumovn\u00edk dlh\u00fd, vrcholiak arjuna, pr\u00e1venka latnat\u00e1, \u010fumbier lek\u00e1rsky, vini\u010d hroznorod\u00fd, kr\u00eddlok vakovit\u00fd, santalovn\u00edk biely, kardamovn\u00edk obecn\u00fd, \u0161koricovn\u00edk cejl\u00f3nsky, dlh\u00e9 korenie, ghee (prepusten\u00e9 maslo), palmov\u00fd sirup<\/p>\n<p><strong>Doporu\u010den\u00e9 d\u00e1vkovanie :<\/strong>1 \u010dajov\u00fa ly\u017ei\u010dku (tj. 5g\/ly\u017ei\u010dku) 2 \u2013 3x denne samostatne alebo zapi\u0165 \u0161\u00e1lkou vla\u017en\u00e9ho mlieka \u010di vody. Pr\u00edprava lahodn\u00e9ho n\u00e1poja: 1 \u010dajov\u00fa ly\u017ei\u010dku rozmie\u0161ajte v 250 ml vla\u017en\u00e9ho mlieka \u010di vody.<\/p>\n<p>&nbsp;<\/p>\n<p>&nbsp;<\/p>\n<p>&nbsp;<\/p>\n","protected":false},"excerpt":{"rendered":"<p><strong>Gram\u00e1\u017e : 200 g bylinn\u00e9ho d\u017eemu<\/strong><\/p>\n<p><strong>Ajurv\u00e9dsky nutri\u010dn\u00fd elix\u00edr<\/strong><\/p>\n","protected":false},"featured_media":3443,"comment_status":"closed","ping_status":"closed","template":"","meta":[],"_links":{"self":[{"href":"http:\/\/cajovnajasminka.sk\/index.php?rest_route=\/wp\/v2\/product\/3441"}],"collection":[{"href":"http:\/\/cajovnajasminka.sk\/index.php?rest_route=\/wp\/v2\/product"}],"about":[{"href":"http:\/\/cajovnajasminka.sk\/index.php?rest_route=\/wp\/v2\/types\/product"}],"replies":[{"embeddable":true,"href":"http:\/\/cajovnajasminka.sk\/index.php?rest_route=%2Fwp%2Fv2%2Fcomments&post=3441"}],"wp:featuredmedia":[{"embeddable":true,"href":"http:\/\/cajovnajasminka.sk\/index.php?rest_route=\/wp\/v2\/media\/3443"}],"wp:attachment":[{"href":"http:\/\/cajovnajasminka.sk\/index.php?rest_route=%2Fwp%2Fv2%2Fmedia&parent=3441"}],"curies":[{"name":"wp","href":"https:\/\/api.w.org\/{rel}","templated":true}]}}