{"id":3434,"date":"2022-04-12T20:41:26","date_gmt":"2022-04-12T18:41:26","guid":{"rendered":"http:\/\/cajovnajasminka.sk\/?post_type=product&#038;p=3434"},"modified":"2023-01-19T09:07:33","modified_gmt":"2023-01-19T08:07:33","slug":"rasaprash-bylinny-dzem","status":"publish","type":"product","link":"http:\/\/cajovnajasminka.sk\/?product=rasaprash-bylinny-dzem","title":{"rendered":"Rasaprash &#8211; v\u00fd\u017eiva a energia"},"content":{"rendered":"<p><strong>Rasaprash je nutri\u010dn\u00fd bylinn\u00fd d\u017eem<\/strong> pre optim\u00e1lnu v\u00fd\u017eivu telesn\u00fdch tkan\u00edv organizmu a \u010dinnos\u0165 lymfatick\u00e9ho syst\u00e9mu. Naru\u0161enie tohto tkaniva je sp\u00f4soben\u00e9 nespr\u00e1vnou v\u00fd\u017eivou a nedostatkom tekut\u00edn. Prejavuje sa psychickou nestabilitou, precitlivenos\u0165ou, \u00fanavou, slabos\u0165ou, nechutenstvom, vychudnutos\u0165ou, chudokrvnos\u0165ou, slabou krvnou cirkul\u00e1ciou, suchou poko\u017ekou, ekz\u00e9mom, myk\u00f3zou, bradavicami, z\u00e1palom d\u00fdchac\u00edch ciest, zn\u00ed\u017eenou funkciou imunitn\u00e9ho syst\u00e9mu a lymfatick\u00fdch uzl\u00edn.<\/p>\n<ul>\n<li><em>Kardamovn\u00edk obecn\u00fd<\/em> prispieva k dobr\u00e9mu <strong>za\u017e\u00edvaniu\u00a0<\/strong>a obnovuje\u00a0<strong>chu\u0165 k jedlu<\/strong><\/li>\n<li>Harmonizuje funkcie <strong>tr\u00e1viacej a vylu\u010dovacej s\u00fastavy<\/strong><\/li>\n<li>Priaznivo p\u00f4sob\u00ed na \u010dinnos\u0165 <strong>kardiovaskul\u00e1rneho syst\u00e9mu<\/strong><\/li>\n<li><em>Kurkumovn\u00edk dlh\u00fd<\/em>\u00a0optimalizuje funkciu <strong>pe\u010dene a podporuje \u010dinnos\u0165 krvn\u00e9ho obehu<\/strong><\/li>\n<li><em>Embilika lek\u00e1rska<\/em>\u00a0posil\u0148uje\u00a0<strong>imunitn\u00fd syst\u00e9m<\/strong><\/li>\n<li><em>Bazalka posv\u00e4tn\u00e1<\/em>\u00a0<strong>zvy\u0161uje vitalitu\u00a0<\/strong>organizmu pri \u00fanave a vy\u010derpan\u00ed<\/li>\n<li><em>\u0160parg\u013ea hroznovit\u00e1<\/em>\u00a0<strong>optimalizuje psychick\u00fd stav<\/strong><\/li>\n<\/ul>\n<p><strong>Zlo\u017eenie : <\/strong>embilika lek\u00e1rska, kardamovn\u00edk obecn\u00fd, kurkumovn\u00edk dlh\u00fd, tinosp\u00f3ra srdcolist\u00e1, bazalka posv\u00e4tn\u00e1, \u0161parg\u013ea hroznovit\u00e1, vini\u010d hroznorod\u00fd, r\u00edmska rasca, sladovka hladkoplod\u00e1, ghee (prepusten\u00e9 maslo), palmov\u00fd sirup<\/p>\n<p><strong>Doporu\u010den\u00e9 d\u00e1vkovanie :<\/strong>1 \u010dajov\u00fa ly\u017ei\u010dku (tj. 5g\/ly\u017ei\u010dku) 2 \u2013 3x denne samostatne alebo zapi\u0165 \u0161\u00e1lkou vla\u017en\u00e9ho mlieka \u010di vody. Pr\u00edprava lahodn\u00e9ho n\u00e1poja: 1 \u010dajov\u00fa ly\u017ei\u010dku rozmie\u0161ajte v 250 ml vla\u017en\u00e9ho mlieka \u010di vody.<\/p>\n<p>&nbsp;<\/p>\n<p>&nbsp;<\/p>\n<p>&nbsp;<\/p>\n","protected":false},"excerpt":{"rendered":"<p><strong>Gram\u00e1\u017e : 200 g bylinn\u00e9ho d\u017eemu<\/strong><\/p>\n<p><strong>Ajurv\u00e9dsky nutri\u010dn\u00fd elix\u00edr<\/strong><\/p>\n","protected":false},"featured_media":3440,"comment_status":"closed","ping_status":"closed","template":"","meta":[],"_links":{"self":[{"href":"http:\/\/cajovnajasminka.sk\/index.php?rest_route=\/wp\/v2\/product\/3434"}],"collection":[{"href":"http:\/\/cajovnajasminka.sk\/index.php?rest_route=\/wp\/v2\/product"}],"about":[{"href":"http:\/\/cajovnajasminka.sk\/index.php?rest_route=\/wp\/v2\/types\/product"}],"replies":[{"embeddable":true,"href":"http:\/\/cajovnajasminka.sk\/index.php?rest_route=%2Fwp%2Fv2%2Fcomments&post=3434"}],"wp:featuredmedia":[{"embeddable":true,"href":"http:\/\/cajovnajasminka.sk\/index.php?rest_route=\/wp\/v2\/media\/3440"}],"wp:attachment":[{"href":"http:\/\/cajovnajasminka.sk\/index.php?rest_route=%2Fwp%2Fv2%2Fmedia&parent=3434"}],"curies":[{"name":"wp","href":"https:\/\/api.w.org\/{rel}","templated":true}]}}