{"id":3432,"date":"2022-04-12T20:01:32","date_gmt":"2022-04-12T18:01:32","guid":{"rendered":"http:\/\/cajovnajasminka.sk\/?post_type=product&#038;p=3432"},"modified":"2022-04-12T20:25:25","modified_gmt":"2022-04-12T18:25:25","slug":"magicka-babika-strachu-a-zelani-10cm","status":"publish","type":"product","link":"http:\/\/cajovnajasminka.sk\/?product=magicka-babika-strachu-a-zelani-10cm","title":{"rendered":"Magick\u00e1 b\u00e1bika strachu a \u017eelan\u00ed 10cm"},"content":{"rendered":"<p>Mal\u00e9 magick\u00e9 b\u00e1biky strachu a priania pom\u00e1haj\u00fa de\u0165om i dospel\u00fdm zbavi\u0165 sa v\u0161etk\u00fdch strachov a plni\u0165 ich tajn\u00e9 priania. Ich p\u00f4vod siaha k \u010dasom pred pr\u00edchodom \u0160panielov do Ameriky, ke\u010f \u013eudia e\u0161te be\u017ene komunikovali s duchmi a vyu\u017e\u00edvali sily pr\u00edrody.<\/p>\n<p>Mal\u00fa b\u00e1biku si pod\u013ea d\u00e1vnej trad\u00edcie die\u0165a vezme pred span\u00edm a poskytne jej ak\u00fdko\u013evek svoj strach. Potom s n\u00edm b\u00e1bika sp\u00ed pod vank\u00fa\u0161om alebo ju die\u0165a dr\u017e\u00ed pri zasp\u00e1van\u00ed v ruke ako svoju mal\u00fa hra\u010dku. Mini b\u00e1biky sa bud\u00fa b\u00e1\u0165 za die\u0165atko. Ak sa po \u010dase mal\u00e1 b\u00e1bika strat\u00ed, hovor\u00ed sa, \u017ee odi\u0161la pre\u010d aj so strachom :-). B\u00e1bike m\u00f4\u017eete tie\u017e zveri\u0165 svoje tajn\u00e9 priania a ona v\u00e1m bude svojimi \u010darovn\u00fdmi schopnos\u0165ami pom\u00e1ha\u0165, aby sa \u010doskoro splnili.<br \/>\nTieto pekn\u00e9 b\u00e1biky strachu m\u00f4\u017eete pou\u017e\u00edva\u0165 aj vy dospel\u00ed, ako talizman, ktor\u00fd sa d\u00e1 nosi\u0165 v pe\u0148a\u017eenke, vo vrecku, alebo sa d\u00e1 zavesi\u0165 na zrkadlo v aute. Ka\u017ed\u00fd z n\u00e1s m\u00e1 predsa nejak\u00fd tie obavy a strachy alebo ve\u013ek\u00e9 \u017eelanie!<br \/>\nB\u00e1biky strachu a priania funguj\u00fa na podobnom princ\u00edpe ako africk\u00e9 voodoo, m\u00f4\u017eu v\u00e1m prinies\u0165 \u0161\u0165astie aj priate\u013estvo, l\u00e1sku a \u00faspech alebo tie\u017e bohatstvo.<\/p>\n<p>Magick\u00e9 b\u00e1biky strachu a priania s\u00fa vyroben\u00e9 z k\u00faskov bavlnen\u00e9ho textilu a papiera, v pestr\u00fdch guatemalsk\u00fdch farb\u00e1ch. Ka\u017ed\u00e1 mal\u00e1 b\u00e1bika je odli\u0161n\u00e1.<\/p>\n<p><strong>Pou\u017eit\u00fd materi\u00e1l<\/strong>: AZO-free bavlna, papier, drevo, dr\u00f4tik<\/p>\n<p><strong> D\u013a\u017eka<\/strong>: 10 cm<\/p>\n","protected":false},"excerpt":{"rendered":"<p><b>magick\u00e1 b\u00e1bika, ktor\u00e1 v\u00e1s zbav\u00ed strachu a spln\u00ed va\u0161e \u017eelania\u00a0<\/b><\/p>\n","protected":false},"featured_media":3433,"comment_status":"closed","ping_status":"closed","template":"","meta":[],"_links":{"self":[{"href":"http:\/\/cajovnajasminka.sk\/index.php?rest_route=\/wp\/v2\/product\/3432"}],"collection":[{"href":"http:\/\/cajovnajasminka.sk\/index.php?rest_route=\/wp\/v2\/product"}],"about":[{"href":"http:\/\/cajovnajasminka.sk\/index.php?rest_route=\/wp\/v2\/types\/product"}],"replies":[{"embeddable":true,"href":"http:\/\/cajovnajasminka.sk\/index.php?rest_route=%2Fwp%2Fv2%2Fcomments&post=3432"}],"wp:featuredmedia":[{"embeddable":true,"href":"http:\/\/cajovnajasminka.sk\/index.php?rest_route=\/wp\/v2\/media\/3433"}],"wp:attachment":[{"href":"http:\/\/cajovnajasminka.sk\/index.php?rest_route=%2Fwp%2Fv2%2Fmedia&parent=3432"}],"curies":[{"name":"wp","href":"https:\/\/api.w.org\/{rel}","templated":true}]}}