{"id":3426,"date":"2022-04-04T13:22:02","date_gmt":"2022-04-04T11:22:02","guid":{"rendered":"http:\/\/cajovnajasminka.sk\/?post_type=product&#038;p=3426"},"modified":"2022-04-04T13:26:24","modified_gmt":"2022-04-04T11:26:24","slug":"spirulina-a-zeleny-caj","status":"publish","type":"product","link":"http:\/\/cajovnajasminka.sk\/?product=spirulina-a-zeleny-caj","title":{"rendered":"Spirulina a zelen\u00fd \u010daj"},"content":{"rendered":"<p><strong>Helleo pr\u00edrodn\u00e9 mydlo s obsahom spiruliny a zelen\u00e9ho \u010daju.<\/strong><\/p>\n<p>Je modernou verziou zelen\u00e9ho mydla, ktor\u00e9 je ove\u013ea jemnej\u0161ie a efekt\u00edvnej\u0161ie. Kombin\u00e1cia pr\u00edrodn\u00fdch zlo\u017eiek perfektne vytv\u00e1ra jedine\u010dnos\u0165 tohto mydla. Zelen\u00fd \u010daj prispieva svojimi antiseptick\u00fdmi a antioxida\u010dn\u00fdmi \u00fa\u010dinkami, spirulina zase detoxika\u010dn\u00fdmi vlastnos\u0165ami a drven\u00e9 olivov\u00e9 jadr\u00e1 a esenci\u00e1lne oleje sa zav\u00e4zuj\u00fa k d\u00f4kladn\u00e9mu \u010disteniu poko\u017eky a odstr\u00e1neniu odumret\u00fdch buniek a tox\u00ednov modern\u00e9ho \u010dloveka. V\u010faka svojim exfolia\u010dn\u00fdm \u00fa\u010dinkom je vhodn\u00e9 na o\u0161etrenie celulit\u00eddy.<\/p>\n<p><strong>Vhodn\u00e9 pre v\u0161etky typy pleti na ka\u017edodenn\u00e9 pou\u017eitie. Nedr\u00e1\u017edi poko\u017eku, naopak m\u00e1 sk\u013eu\u0148uj\u00face \u00fa\u010dinky. Vhodn\u00e9 na telo a tv\u00e1r.<\/strong><\/p>\n<p>Prec\u00edznos\u0165 a zmysel pre detail ru\u010dne vyr\u00e1ban\u00fdch mydiel sa odr\u00e1\u017ea nielen v kvalite, ale aj dizajne.<\/p>\n<p>Helleo mydla s\u00fa navy\u0161e \u00faplne \u0161etrn\u00e9 k \u017eivotn\u00e9mu prostrediu. S\u00fa 100% biologicky rozlo\u017eite\u013en\u00e9, vr\u00e1tane obalu. Pri v\u00fdrobe je pou\u017e\u00edvan\u00fd len recyklovate\u013en\u00fd materi\u00e1l, tak\u017ee ich ekologick\u00e1 stopa je nulov\u00e1<\/p>\n<p><strong>Krajina p\u00f4vodu:<\/strong> Gr\u00e9cko<\/p>\n<p><strong>Obsiahnut\u00e9 l\u00e1tky:<\/strong> organick\u00fd olivov\u00fd olej, kokosov\u00fd olej, v\u00fd\u0165a\u017eok zo zelen\u00e9ho \u010daju, spirulina, olivov\u00e9 jadr\u00e1, \u010dist\u00e9 esenci\u00e1lne oleje &#8211; citr\u00f3n, rozmar\u00edn, grapefruit, cypri\u0161<\/p>\n<p><strong>Obsah balenia : <\/strong>30 g<\/p>\n<p>&nbsp;<\/p>\n","protected":false},"excerpt":{"rendered":"<p><strong>Obsah balenia : 30 g<\/strong><\/p>\n<p><strong>100% natur\u00e1lne olivov\u00e9 mydlo<\/strong><\/p>\n<p>&nbsp;<\/p>\n","protected":false},"featured_media":3427,"comment_status":"closed","ping_status":"closed","template":"","meta":[],"_links":{"self":[{"href":"http:\/\/cajovnajasminka.sk\/index.php?rest_route=\/wp\/v2\/product\/3426"}],"collection":[{"href":"http:\/\/cajovnajasminka.sk\/index.php?rest_route=\/wp\/v2\/product"}],"about":[{"href":"http:\/\/cajovnajasminka.sk\/index.php?rest_route=\/wp\/v2\/types\/product"}],"replies":[{"embeddable":true,"href":"http:\/\/cajovnajasminka.sk\/index.php?rest_route=%2Fwp%2Fv2%2Fcomments&post=3426"}],"wp:featuredmedia":[{"embeddable":true,"href":"http:\/\/cajovnajasminka.sk\/index.php?rest_route=\/wp\/v2\/media\/3427"}],"wp:attachment":[{"href":"http:\/\/cajovnajasminka.sk\/index.php?rest_route=%2Fwp%2Fv2%2Fmedia&parent=3426"}],"curies":[{"name":"wp","href":"https:\/\/api.w.org\/{rel}","templated":true}]}}