{"id":3424,"date":"2022-04-04T13:16:18","date_gmt":"2022-04-04T11:16:18","guid":{"rendered":"http:\/\/cajovnajasminka.sk\/?post_type=product&#038;p=3424"},"modified":"2022-04-04T13:21:10","modified_gmt":"2022-04-04T11:21:10","slug":"cierne-pivo-a-rozmaryn-kopia","status":"publish","type":"product","link":"http:\/\/cajovnajasminka.sk\/?product=cierne-pivo-a-rozmaryn-kopia","title":{"rendered":"Med a tymi\u00e1n"},"content":{"rendered":"<p><strong>Helleo pr\u00edrodn\u00e9 mydlo s obsahom medu a tymi\u00e1nu.<\/strong><\/p>\n<p>Je skvelou vo\u013ebou pre <strong>such\u00fa ple\u0165 a vlasy<\/strong>. V\u010faka medu skvele hydratuje, tymi\u00e1n prispieva svojimi antiseptick\u00fdmi a antimikrobi\u00e1lnymi vlastnos\u0165ami a pr\u00edrodn\u00e9 esenci\u00e1lne oleje zase zjem\u0148uj\u00fa poko\u017eku. Prec\u00edznos\u0165 a zmysel pre detail ru\u010dne vyr\u00e1ban\u00fdch mydiel sa odr\u00e1\u017ea nielen v kvalite, ale aj dizajne.<\/p>\n<p><strong>Vhodn\u00e9 pre v\u0161etky typy pleti na ka\u017edodenn\u00e9 pou\u017eitie. Nedr\u00e1\u017edi poko\u017eku, naopak ju hydratuje a vy\u017eivuje.<\/strong><\/p>\n<p>Helleo mydla s\u00fa navy\u0161e \u00faplne \u0161etrn\u00e9 k \u017eivotn\u00e9mu prostrediu. S\u00fa 100% biologicky rozlo\u017eite\u013en\u00e9, vr\u00e1tane obalu. Pri v\u00fdrobe je pou\u017e\u00edvan\u00fd len recyklovate\u013en\u00fd materi\u00e1l, tak\u017ee ich ekologick\u00e1 stopa je nulov\u00e1<\/p>\n<p><strong>Krajina p\u00f4vodu:<\/strong> Gr\u00e9cko<\/p>\n<p><strong>Obsiahnut\u00e9 l\u00e1tky:<\/strong> organick\u00fd olivov\u00fd olej, kokosov\u00fd olej, v\u00fdta\u017eok z tymi\u00e1nu, med, \u010dist\u00e9 esenci\u00e1lne oleje &#8211; borovica, levandu\u013ea, rozmar\u00fdn<\/p>\n<p><strong>Obsah balenia : <\/strong>30 g<\/p>\n<p>&nbsp;<\/p>\n","protected":false},"excerpt":{"rendered":"<p><strong>Obsah balenia : 30 g<\/strong><\/p>\n<p><strong>100% natur\u00e1lne olivov\u00e9 mydlo<\/strong><\/p>\n<p>&nbsp;<\/p>\n","protected":false},"featured_media":3425,"comment_status":"closed","ping_status":"closed","template":"","meta":[],"_links":{"self":[{"href":"http:\/\/cajovnajasminka.sk\/index.php?rest_route=\/wp\/v2\/product\/3424"}],"collection":[{"href":"http:\/\/cajovnajasminka.sk\/index.php?rest_route=\/wp\/v2\/product"}],"about":[{"href":"http:\/\/cajovnajasminka.sk\/index.php?rest_route=\/wp\/v2\/types\/product"}],"replies":[{"embeddable":true,"href":"http:\/\/cajovnajasminka.sk\/index.php?rest_route=%2Fwp%2Fv2%2Fcomments&post=3424"}],"wp:featuredmedia":[{"embeddable":true,"href":"http:\/\/cajovnajasminka.sk\/index.php?rest_route=\/wp\/v2\/media\/3425"}],"wp:attachment":[{"href":"http:\/\/cajovnajasminka.sk\/index.php?rest_route=%2Fwp%2Fv2%2Fmedia&parent=3424"}],"curies":[{"name":"wp","href":"https:\/\/api.w.org\/{rel}","templated":true}]}}