{"id":3422,"date":"2022-04-04T12:54:03","date_gmt":"2022-04-04T10:54:03","guid":{"rendered":"http:\/\/cajovnajasminka.sk\/?post_type=product&#038;p=3422"},"modified":"2022-04-04T13:02:35","modified_gmt":"2022-04-04T11:02:35","slug":"cierne-pivo-a-rozmaryn","status":"publish","type":"product","link":"http:\/\/cajovnajasminka.sk\/?product=cierne-pivo-a-rozmaryn","title":{"rendered":"\u010cierne pivo a rozmar\u00fdn"},"content":{"rendered":"<p><strong>Helleo olivov\u00e9 mydlo s \u010diernym pivom a rozmar\u00ednom.<\/strong><\/p>\n<p>Je skvel\u00fdm produktom pre \u013eud\u00ed trpiacich <strong>probl\u00e9mami s vlasmi<\/strong>. \u00da\u010dinne pom\u00e1ha pri probl\u00e9moch so <strong>svrbiacou poko\u017ekou a lupinami<\/strong>, pri ich <strong>vypad\u00e1van\u00ed \u010di nadmern\u00e9mu masteniu<\/strong>. Korene tohto mydla siahaj\u00fa a\u017e do starovek\u00e9ho Egypta. Obsiahnut\u00e9 pr\u00edrodn\u00e9 zlo\u017eky sa spolu skvele dop\u013a\u0148aj\u00fa a pom\u00e1haj\u00fa uk\u013eudni\u0165 a vy\u017eivi\u0165 poko\u017eku tela a vlasov. \u010cierne pivo m\u00e1 predov\u0161etk\u00fdm uk\u013eud\u0148uj\u00faci \u00fa\u010dinok, rozmar\u00edn zase prispieva svojimi antioxida\u010dn\u00fdmi vlastnos\u0165ami a zmes \u00e9terick\u00fdch olejov stimuluj\u00fa a osvie\u017euj\u00fa poko\u017eku hlavy. Prec\u00edznos\u0165 a zmysel pre detail sa odr\u00e1\u017ea nielen v kvalite, ale aj dizajne.<\/p>\n<p><strong>Vhodn\u00e9 pre v\u0161etky typy pleti na ka\u017edodenn\u00e9 pou\u017eitie. Nedr\u00e1\u017edi poko\u017eku, naopak m\u00e1 upokojuj\u00face \u00fa\u010dinky. Vhodn\u00e9 na telo, tv\u00e1r aj vlasy.<\/strong><\/p>\n<p>Helleo mydla s\u00fa navy\u0161e \u00faplne \u0161etrn\u00e9 k \u017eivotn\u00e9mu prostrediu. S\u00fa 100% biologicky rozlo\u017eite\u013en\u00e9, vr\u00e1tane obalu. Pri v\u00fdrobe je pou\u017e\u00edvan\u00fd len recyklovate\u013en\u00fd materi\u00e1l, tak\u017ee ich ekologick\u00e1 stopa je nulov\u00e1<\/p>\n<p><strong>Krajina p\u00f4vodu:<\/strong> Gr\u00e9cko<\/p>\n<p><strong>Obsiahnut\u00e9 l\u00e1tky:<\/strong> organick\u00fd olivov\u00fd olej, kokosov\u00fd olej, v\u00fd\u0165a\u017eok z rozmar\u00ednu, organick\u00e9 \u010dierne pivo, \u010dist\u00e9 esenci\u00e1lne oleje &#8211; rozmar\u00edn, m\u00e4ta, ylang ylang, pa\u010duli<\/p>\n<p><strong>Obsah balenia : <\/strong>30 g<\/p>\n<p>&nbsp;<\/p>\n","protected":false},"excerpt":{"rendered":"<p><strong>Obsah balenia : 30 g<\/strong><\/p>\n<p><strong>100% natur\u00e1lne olivov\u00e9 mydlo<\/strong><\/p>\n<p>&nbsp;<\/p>\n","protected":false},"featured_media":3423,"comment_status":"closed","ping_status":"closed","template":"","meta":[],"_links":{"self":[{"href":"http:\/\/cajovnajasminka.sk\/index.php?rest_route=\/wp\/v2\/product\/3422"}],"collection":[{"href":"http:\/\/cajovnajasminka.sk\/index.php?rest_route=\/wp\/v2\/product"}],"about":[{"href":"http:\/\/cajovnajasminka.sk\/index.php?rest_route=\/wp\/v2\/types\/product"}],"replies":[{"embeddable":true,"href":"http:\/\/cajovnajasminka.sk\/index.php?rest_route=%2Fwp%2Fv2%2Fcomments&post=3422"}],"wp:featuredmedia":[{"embeddable":true,"href":"http:\/\/cajovnajasminka.sk\/index.php?rest_route=\/wp\/v2\/media\/3423"}],"wp:attachment":[{"href":"http:\/\/cajovnajasminka.sk\/index.php?rest_route=%2Fwp%2Fv2%2Fmedia&parent=3422"}],"curies":[{"name":"wp","href":"https:\/\/api.w.org\/{rel}","templated":true}]}}