{"id":3421,"date":"2022-04-04T12:43:14","date_gmt":"2022-04-04T10:43:14","guid":{"rendered":"http:\/\/cajovnajasminka.sk\/?post_type=product&#038;p=3421"},"modified":"2022-04-04T13:18:01","modified_gmt":"2022-04-04T11:18:01","slug":"dudu-osun-neparfumovane-150g","status":"publish","type":"product","link":"http:\/\/cajovnajasminka.sk\/?product=dudu-osun-neparfumovane-150g","title":{"rendered":"Dudu-Osun neparfumovan\u00e9 150g"},"content":{"rendered":"<p><strong>Tradi\u010dne\u00a0ru\u010dne vyr\u00e1ban\u00e9 africk\u00e9 mydlo z \u010disto pr\u00edrodn\u00fdch zlo\u017eiek a byl\u00edn z da\u017e\u010fov\u00fdch pralesov.<\/strong><\/p>\n<p>Vhodn\u00e9 pre dospel\u00fdch aj deti, pre citliv\u00fa poko\u017eku, pri ko\u017en\u00fdch probl\u00e9moch (akn\u00e9, psori\u00e1za, ekz\u00e9my).<\/p>\n<ul>\n<li>m\u00e1 antiseptick\u00e9 \u00fa\u010dinky<\/li>\n<li>obnovuje po\u0161koden\u00fa poko\u017eku<\/li>\n<li>bez umel\u00fdch farb\u00edv a pr\u00edsad<\/li>\n<\/ul>\n<p>Obsahuje <strong>olej z palmov\u00fdch jadier<\/strong> (z\u00edskavan\u00fd tradi\u010dn\u00fdmi v\u00fdrobn\u00fdmi postupmi) a cenn\u00e9 <strong>popoly z kakaov\u00fdch b\u00f4bov<\/strong>, <strong>plant\u00e1nov a palmov\u00fdch<\/strong> <strong>listov<\/strong>. Bohat\u00e1 pena h\u013abkovo pre\u010dis\u0165uje a m\u00e1 vplyv na kr\u00e1sny vzh\u013ead poko\u017eky.<\/p>\n<p>Africk\u00e9 mydlo\u00a0DUDU je celotelov\u00e9 a ple\u0165ov\u00e9 mydlo s komplexn\u00fdm kozmetick\u00fdm \u00fa\u010dinkom.\u00a0Je vhodn\u00e9\u00a0pre dospel\u00fdch aj pre najmen\u0161ie deti..<\/p>\n<ul>\n<li>o\u010dis\u0165uje<\/li>\n<li>vy\u017eivuje<\/li>\n<li>chr\u00e1ni<\/li>\n<li>osvie\u017euje<\/li>\n<\/ul>\n<p>&nbsp;<\/p>\n<p><strong>ZLO\u017dENIE:<\/strong>med, bambuck\u00e9 (karit\u00e9) maslo, Osun (\u010derven\u00e9 africk\u00e9 drevo), palmov\u00fd olej, popol z kakaov\u00fdch b\u00f4bov\/ z palmov\u00fdch listov, aloe vera, citr\u00f3nov\u00e1 a limetkov\u00e1 \u0161\u0165ava, zmes esenci\u00e1lnych olejov, voda<\/p>\n<p>Neobsahuje \u017eiadne umel\u00e9 farbiv\u00e1 ani pr\u00edsady. Je biologicky odb\u00farate\u013en\u00e9.<\/p>\n<p><strong>KRAJINA P<\/strong><strong>\u00d4VODU:\u00a0<\/strong>Nig\u00e9ria<\/p>\n<p><strong>Obsah balenia : <\/strong>25\u00a0g<\/p>\n<p>&nbsp;<\/p>\n","protected":false},"excerpt":{"rendered":"<p><strong>Obsah balenia : 150 g<\/strong><\/p>\n<p><strong>\u010cierne africk\u00e9 mydlo\u00a0DUDU OSUN aroma free, bez v\u00f4ne<\/strong><\/p>\n","protected":false},"featured_media":3413,"comment_status":"closed","ping_status":"closed","template":"","meta":[],"_links":{"self":[{"href":"http:\/\/cajovnajasminka.sk\/index.php?rest_route=\/wp\/v2\/product\/3421"}],"collection":[{"href":"http:\/\/cajovnajasminka.sk\/index.php?rest_route=\/wp\/v2\/product"}],"about":[{"href":"http:\/\/cajovnajasminka.sk\/index.php?rest_route=\/wp\/v2\/types\/product"}],"replies":[{"embeddable":true,"href":"http:\/\/cajovnajasminka.sk\/index.php?rest_route=%2Fwp%2Fv2%2Fcomments&post=3421"}],"wp:featuredmedia":[{"embeddable":true,"href":"http:\/\/cajovnajasminka.sk\/index.php?rest_route=\/wp\/v2\/media\/3413"}],"wp:attachment":[{"href":"http:\/\/cajovnajasminka.sk\/index.php?rest_route=%2Fwp%2Fv2%2Fmedia&parent=3421"}],"curies":[{"name":"wp","href":"https:\/\/api.w.org\/{rel}","templated":true}]}}