{"id":342,"date":"2017-05-03T11:51:37","date_gmt":"2017-05-03T09:51:37","guid":{"rendered":"http:\/\/cajovnajasminka.sk\/?post_type=product&#038;p=342"},"modified":"2023-01-19T10:25:22","modified_gmt":"2023-01-19T09:25:22","slug":"dhanyaka-tehotne-zeny","status":"publish","type":"product","link":"http:\/\/cajovnajasminka.sk\/?product=dhanyaka-tehotne-zeny","title":{"rendered":"Dhanyaka-tehotn\u00e9 \u017eeny"},"content":{"rendered":"<p>Himal\u00e1jske byliny sa u\u017e po cel\u00e9 st\u00e1ro\u010dia pou\u017e\u00edvaj\u00fa k optimaliz\u00e1cii du\u0161evn\u00fdch a telesn\u00fdch funkci\u00ed organizmu. S\u00fa z\u00e1kladom tradi\u010dn\u00e9ho ajurv\u00e9dsk\u00e9ho lek\u00e1rstva, ktor\u00e9 ich pou\u017e\u00edva v mnoh\u00fdch najr\u00f4znej\u0161\u00edch kombin\u00e1ci\u00e1ch.<\/p>\n<p><strong>\u010caj Dhanyaka priaznivo ovplyv\u0148uje funkcie tr\u00e1viaceho traktu<br \/>\nPodporuje dobr\u00e9 tr\u00e1venie a pom\u00e1ha pri nad\u00favan\u00ed<br \/>\nHarmonizuje psychick\u00fd stav pri emocion\u00e1lnom rozru\u0161en\u00ed<br \/>\nPrispieva k hormon\u00e1lnej rovnov\u00e1he reproduk\u010dn\u00e9ho syst\u00e9mu<br \/>\nPodporuje optimaliz\u00e1ciu du\u0161evn\u00e9ho zdravia<\/strong><\/p>\n<p><strong>Zlo\u017eenie :\u00a0<\/strong><\/p>\n<p>Embilika lek\u00e1rska &#8211; Amalaki (Emblica officinalis), pupo\u010dn\u00edk \u00e1zijsk\u00fd &#8211; GotuKola (Centella asiatica), koriander siaty (Coriandrum sativum), kotvi\u010dn\u00edk zemn\u00fd (Tribulus terrestris), chebula srd\u010dit\u00e1 \u2013 Guduchi (Tinospora cordifolia), sladovka hladkoplod\u00e1 &#8211; sladk\u00e9 drievko (Glycyrrhiza glabra), senovka gr\u00e9cka (Trigonella foenum-graecum), punarnava (Boerhavia diffusa), fenykel oby\u010dajn\u00fd (Foeniculum vulgare), bazalka sv\u00e4t\u00e1 (Ocimum tenuiflorum).<\/p>\n<p><strong>Hmotnos\u0165 :<\/strong>\u00a0100 g<\/p>\n","protected":false},"excerpt":{"rendered":"<p>Himal\u00e1jske byliny sa u\u017e po cel\u00e9 st\u00e1ro\u010dia pou\u017e\u00edvaj\u00fa k optimaliz\u00e1cii du\u0161evn\u00fdch a telesn\u00fdch funkci\u00ed organizmu. S\u00fa z\u00e1kladom tradi\u010dn\u00e9ho ajurv\u00e9dsk\u00e9ho lek\u00e1rstva, ktor\u00e9 ich pou\u017e\u00edva v mnoh\u00fdch najr\u00f4znej\u0161\u00edch kombin\u00e1ci\u00e1ch. \u010caj Dhanyaka priaznivo ovplyv\u0148uje funkcie tr\u00e1viaceho traktu Podporuje dobr\u00e9 tr\u00e1venie a pom\u00e1ha pri nad\u00favan\u00ed Harmonizuje psychick\u00fd stav pri emocion\u00e1lnom rozru\u0161en\u00ed Prispieva k hormon\u00e1lnej rovnov\u00e1he reproduk\u010dn\u00e9ho syst\u00e9mu Podporuje optimaliz\u00e1ciu<\/p>\n","protected":false},"featured_media":343,"comment_status":"open","ping_status":"closed","template":"","meta":[],"_links":{"self":[{"href":"http:\/\/cajovnajasminka.sk\/index.php?rest_route=\/wp\/v2\/product\/342"}],"collection":[{"href":"http:\/\/cajovnajasminka.sk\/index.php?rest_route=\/wp\/v2\/product"}],"about":[{"href":"http:\/\/cajovnajasminka.sk\/index.php?rest_route=\/wp\/v2\/types\/product"}],"replies":[{"embeddable":true,"href":"http:\/\/cajovnajasminka.sk\/index.php?rest_route=%2Fwp%2Fv2%2Fcomments&post=342"}],"wp:featuredmedia":[{"embeddable":true,"href":"http:\/\/cajovnajasminka.sk\/index.php?rest_route=\/wp\/v2\/media\/343"}],"wp:attachment":[{"href":"http:\/\/cajovnajasminka.sk\/index.php?rest_route=%2Fwp%2Fv2%2Fmedia&parent=342"}],"curies":[{"name":"wp","href":"https:\/\/api.w.org\/{rel}","templated":true}]}}