{"id":3414,"date":"2022-04-03T14:47:17","date_gmt":"2022-04-03T12:47:17","guid":{"rendered":"http:\/\/cajovnajasminka.sk\/?post_type=product&#038;p=3414"},"modified":"2022-04-04T13:16:49","modified_gmt":"2022-04-04T11:16:49","slug":"ruska-1-vrstvove","status":"publish","type":"product","link":"http:\/\/cajovnajasminka.sk\/?product=ruska-1-vrstvove","title":{"rendered":"R\u00fa\u0161ka 1-vrstvov\u00e9"},"content":{"rendered":"<p>Farebn\u00e9 batikovan\u00e9, alebo jednofarebn\u00e9 1-vrstvov\u00e9 r\u00fa\u0161ka. Kvalitn\u00e1 pr\u00e1ca, r\u00fa\u0161ka m\u00f4\u017ete pra\u0165 a \u017eehli\u0165 a teda pou\u017ei\u0165 nieko\u013ekokr\u00e1t.<\/p>\n<p>&nbsp;<\/p>\n","protected":false},"excerpt":{"rendered":"<p><b>R\u00fa\u0161ka na tv\u00e1r 100% bavlna, ru\u010dne \u0161it\u00e9\u00a0<\/b><\/p>\n","protected":false},"featured_media":3415,"comment_status":"closed","ping_status":"closed","template":"","meta":[],"_links":{"self":[{"href":"http:\/\/cajovnajasminka.sk\/index.php?rest_route=\/wp\/v2\/product\/3414"}],"collection":[{"href":"http:\/\/cajovnajasminka.sk\/index.php?rest_route=\/wp\/v2\/product"}],"about":[{"href":"http:\/\/cajovnajasminka.sk\/index.php?rest_route=\/wp\/v2\/types\/product"}],"replies":[{"embeddable":true,"href":"http:\/\/cajovnajasminka.sk\/index.php?rest_route=%2Fwp%2Fv2%2Fcomments&post=3414"}],"wp:featuredmedia":[{"embeddable":true,"href":"http:\/\/cajovnajasminka.sk\/index.php?rest_route=\/wp\/v2\/media\/3415"}],"wp:attachment":[{"href":"http:\/\/cajovnajasminka.sk\/index.php?rest_route=%2Fwp%2Fv2%2Fmedia&parent=3414"}],"curies":[{"name":"wp","href":"https:\/\/api.w.org\/{rel}","templated":true}]}}