{"id":3404,"date":"2022-04-02T22:47:33","date_gmt":"2022-04-02T20:47:33","guid":{"rendered":"http:\/\/cajovnajasminka.sk\/?post_type=product&#038;p=3404"},"modified":"2022-04-03T14:16:40","modified_gmt":"2022-04-03T12:16:40","slug":"dlha-sukna","status":"publish","type":"product","link":"http:\/\/cajovnajasminka.sk\/?product=dlha-sukna","title":{"rendered":"Dlh\u00e1 suk\u0148a"},"content":{"rendered":"<p>Elastick\u00e1 dlh\u00e1 suk\u0148a<\/p>\n","protected":false},"excerpt":{"rendered":"<p><b>Ru\u010dn\u00e1 pr\u00e1ca, ka\u017ed\u00fd kus je origin\u00e1l, aj na objedn\u00e1vku\u00a0<\/b><\/p>\n","protected":false},"featured_media":3406,"comment_status":"closed","ping_status":"closed","template":"","meta":[],"_links":{"self":[{"href":"http:\/\/cajovnajasminka.sk\/index.php?rest_route=\/wp\/v2\/product\/3404"}],"collection":[{"href":"http:\/\/cajovnajasminka.sk\/index.php?rest_route=\/wp\/v2\/product"}],"about":[{"href":"http:\/\/cajovnajasminka.sk\/index.php?rest_route=\/wp\/v2\/types\/product"}],"replies":[{"embeddable":true,"href":"http:\/\/cajovnajasminka.sk\/index.php?rest_route=%2Fwp%2Fv2%2Fcomments&post=3404"}],"wp:featuredmedia":[{"embeddable":true,"href":"http:\/\/cajovnajasminka.sk\/index.php?rest_route=\/wp\/v2\/media\/3406"}],"wp:attachment":[{"href":"http:\/\/cajovnajasminka.sk\/index.php?rest_route=%2Fwp%2Fv2%2Fmedia&parent=3404"}],"curies":[{"name":"wp","href":"https:\/\/api.w.org\/{rel}","templated":true}]}}