{"id":3402,"date":"2022-04-02T22:44:07","date_gmt":"2022-04-02T20:44:07","guid":{"rendered":"http:\/\/cajovnajasminka.sk\/?post_type=product&#038;p=3402"},"modified":"2022-04-02T22:45:47","modified_gmt":"2022-04-02T20:45:47","slug":"ocko-m","status":"publish","type":"product","link":"http:\/\/cajovnajasminka.sk\/?product=ocko-m","title":{"rendered":"O\u010dko M"},"content":{"rendered":"<p>Batikovan\u00e9 tri\u010dko\u0161aty\/pred\u013a\u017een\u00e9 tri\u010dko vo ve\u013ekosti M.<\/p>\n<p>&nbsp;<\/p>\n","protected":false},"excerpt":{"rendered":"<p><b>Ru\u010dn\u00e1 pr\u00e1ca, ka\u017ed\u00fd kus je origin\u00e1l, aj na objedn\u00e1vku\u00a0<\/b><\/p>\n","protected":false},"featured_media":3403,"comment_status":"closed","ping_status":"closed","template":"","meta":[],"_links":{"self":[{"href":"http:\/\/cajovnajasminka.sk\/index.php?rest_route=\/wp\/v2\/product\/3402"}],"collection":[{"href":"http:\/\/cajovnajasminka.sk\/index.php?rest_route=\/wp\/v2\/product"}],"about":[{"href":"http:\/\/cajovnajasminka.sk\/index.php?rest_route=\/wp\/v2\/types\/product"}],"replies":[{"embeddable":true,"href":"http:\/\/cajovnajasminka.sk\/index.php?rest_route=%2Fwp%2Fv2%2Fcomments&post=3402"}],"wp:featuredmedia":[{"embeddable":true,"href":"http:\/\/cajovnajasminka.sk\/index.php?rest_route=\/wp\/v2\/media\/3403"}],"wp:attachment":[{"href":"http:\/\/cajovnajasminka.sk\/index.php?rest_route=%2Fwp%2Fv2%2Fmedia&parent=3402"}],"curies":[{"name":"wp","href":"https:\/\/api.w.org\/{rel}","templated":true}]}}