{"id":3395,"date":"2022-04-02T22:35:45","date_gmt":"2022-04-02T20:35:45","guid":{"rendered":"http:\/\/cajovnajasminka.sk\/?post_type=product&#038;p=3395"},"modified":"2022-04-02T22:39:41","modified_gmt":"2022-04-02T20:39:41","slug":"spiral-xxxl-2","status":"publish","type":"product","link":"http:\/\/cajovnajasminka.sk\/?product=spiral-xxxl-2","title":{"rendered":"Spiral XXXL"},"content":{"rendered":"<p>Batikovan\u00e9 tri\u010dko vo ve\u013ekosti XXXL.<\/p>\n<p>&nbsp;<\/p>\n","protected":false},"excerpt":{"rendered":"<p><b>Ru\u010dn\u00e1 pr\u00e1ca, ka\u017ed\u00fd kus je origin\u00e1l, aj na objedn\u00e1vku\u00a0<\/b><\/p>\n","protected":false},"featured_media":3396,"comment_status":"closed","ping_status":"closed","template":"","meta":[],"_links":{"self":[{"href":"http:\/\/cajovnajasminka.sk\/index.php?rest_route=\/wp\/v2\/product\/3395"}],"collection":[{"href":"http:\/\/cajovnajasminka.sk\/index.php?rest_route=\/wp\/v2\/product"}],"about":[{"href":"http:\/\/cajovnajasminka.sk\/index.php?rest_route=\/wp\/v2\/types\/product"}],"replies":[{"embeddable":true,"href":"http:\/\/cajovnajasminka.sk\/index.php?rest_route=%2Fwp%2Fv2%2Fcomments&post=3395"}],"wp:featuredmedia":[{"embeddable":true,"href":"http:\/\/cajovnajasminka.sk\/index.php?rest_route=\/wp\/v2\/media\/3396"}],"wp:attachment":[{"href":"http:\/\/cajovnajasminka.sk\/index.php?rest_route=%2Fwp%2Fv2%2Fmedia&parent=3395"}],"curies":[{"name":"wp","href":"https:\/\/api.w.org\/{rel}","templated":true}]}}