{"id":3380,"date":"2022-04-02T22:07:52","date_gmt":"2022-04-02T20:07:52","guid":{"rendered":"http:\/\/cajovnajasminka.sk\/?post_type=product&#038;p=3380"},"modified":"2022-04-02T22:08:52","modified_gmt":"2022-04-02T20:08:52","slug":"spiral-l-2","status":"publish","type":"product","link":"http:\/\/cajovnajasminka.sk\/?product=spiral-l-2","title":{"rendered":"Spiral L"},"content":{"rendered":"<p>P\u00e1nske\u00a0batikovn\u00e9 tri\u010dko s\u00a0kr\u00e1tkym ruk\u00e1vom a\u00a0\u0161pir\u00e1lou v zeleno\u017elt\u00fdch\u00a0 farbi\u010dk\u00e1ch. Materi\u00e1l 100% bavlna.<\/p>\n","protected":false},"excerpt":{"rendered":"<p><b>Ru\u010dn\u00e1 pr\u00e1ca, ka\u017ed\u00fd kus je origin\u00e1l, aj na objedn\u00e1vku\u00a0<\/b><\/p>\n","protected":false},"featured_media":3381,"comment_status":"closed","ping_status":"closed","template":"","meta":[],"_links":{"self":[{"href":"http:\/\/cajovnajasminka.sk\/index.php?rest_route=\/wp\/v2\/product\/3380"}],"collection":[{"href":"http:\/\/cajovnajasminka.sk\/index.php?rest_route=\/wp\/v2\/product"}],"about":[{"href":"http:\/\/cajovnajasminka.sk\/index.php?rest_route=\/wp\/v2\/types\/product"}],"replies":[{"embeddable":true,"href":"http:\/\/cajovnajasminka.sk\/index.php?rest_route=%2Fwp%2Fv2%2Fcomments&post=3380"}],"wp:featuredmedia":[{"embeddable":true,"href":"http:\/\/cajovnajasminka.sk\/index.php?rest_route=\/wp\/v2\/media\/3381"}],"wp:attachment":[{"href":"http:\/\/cajovnajasminka.sk\/index.php?rest_route=%2Fwp%2Fv2%2Fmedia&parent=3380"}],"curies":[{"name":"wp","href":"https:\/\/api.w.org\/{rel}","templated":true}]}}