{"id":3378,"date":"2022-04-02T22:03:18","date_gmt":"2022-04-02T20:03:18","guid":{"rendered":"http:\/\/cajovnajasminka.sk\/?post_type=product&#038;p=3378"},"modified":"2022-04-02T22:05:50","modified_gmt":"2022-04-02T20:05:50","slug":"angel-xxl","status":"publish","type":"product","link":"http:\/\/cajovnajasminka.sk\/?product=angel-xxl","title":{"rendered":"Angel XXL"},"content":{"rendered":"<p>P\u00e1nske batikovn\u00e9 tri\u010dko s kr\u00e1tkym ruk\u00e1vom s mot\u00edvom Anjela.<\/p>\n","protected":false},"excerpt":{"rendered":"<p><b>Ru\u010dn\u00e1 pr\u00e1ca, ka\u017ed\u00fd kus je origin\u00e1l, aj na objedn\u00e1vku\u00a0<\/b><\/p>\n","protected":false},"featured_media":3379,"comment_status":"closed","ping_status":"closed","template":"","meta":[],"_links":{"self":[{"href":"http:\/\/cajovnajasminka.sk\/index.php?rest_route=\/wp\/v2\/product\/3378"}],"collection":[{"href":"http:\/\/cajovnajasminka.sk\/index.php?rest_route=\/wp\/v2\/product"}],"about":[{"href":"http:\/\/cajovnajasminka.sk\/index.php?rest_route=\/wp\/v2\/types\/product"}],"replies":[{"embeddable":true,"href":"http:\/\/cajovnajasminka.sk\/index.php?rest_route=%2Fwp%2Fv2%2Fcomments&post=3378"}],"wp:featuredmedia":[{"embeddable":true,"href":"http:\/\/cajovnajasminka.sk\/index.php?rest_route=\/wp\/v2\/media\/3379"}],"wp:attachment":[{"href":"http:\/\/cajovnajasminka.sk\/index.php?rest_route=%2Fwp%2Fv2%2Fmedia&parent=3378"}],"curies":[{"name":"wp","href":"https:\/\/api.w.org\/{rel}","templated":true}]}}