{"id":3375,"date":"2022-04-02T22:00:16","date_gmt":"2022-04-02T20:00:16","guid":{"rendered":"http:\/\/cajovnajasminka.sk\/?post_type=product&#038;p=3375"},"modified":"2022-04-02T22:01:08","modified_gmt":"2022-04-02T20:01:08","slug":"mandala-m-3","status":"publish","type":"product","link":"http:\/\/cajovnajasminka.sk\/?product=mandala-m-3","title":{"rendered":"Mandala M"},"content":{"rendered":"<p>P\u00e1nske\u00a0batikovn\u00e9 tri\u010dko s\u00a0kr\u00e1tkym ruk\u00e1vom a mandalou na prednom diely tri\u010dka. Materi\u00e1l 100% bavlna.<\/p>\n","protected":false},"excerpt":{"rendered":"<p><b>Ru\u010dn\u00e1 pr\u00e1ca, ka\u017ed\u00fd kus je origin\u00e1l, aj na objedn\u00e1vku\u00a0<\/b><\/p>\n","protected":false},"featured_media":3376,"comment_status":"closed","ping_status":"closed","template":"","meta":[],"_links":{"self":[{"href":"http:\/\/cajovnajasminka.sk\/index.php?rest_route=\/wp\/v2\/product\/3375"}],"collection":[{"href":"http:\/\/cajovnajasminka.sk\/index.php?rest_route=\/wp\/v2\/product"}],"about":[{"href":"http:\/\/cajovnajasminka.sk\/index.php?rest_route=\/wp\/v2\/types\/product"}],"replies":[{"embeddable":true,"href":"http:\/\/cajovnajasminka.sk\/index.php?rest_route=%2Fwp%2Fv2%2Fcomments&post=3375"}],"wp:featuredmedia":[{"embeddable":true,"href":"http:\/\/cajovnajasminka.sk\/index.php?rest_route=\/wp\/v2\/media\/3376"}],"wp:attachment":[{"href":"http:\/\/cajovnajasminka.sk\/index.php?rest_route=%2Fwp%2Fv2%2Fmedia&parent=3375"}],"curies":[{"name":"wp","href":"https:\/\/api.w.org\/{rel}","templated":true}]}}