{"id":3373,"date":"2022-04-02T21:55:22","date_gmt":"2022-04-02T19:55:22","guid":{"rendered":"http:\/\/cajovnajasminka.sk\/?post_type=product&#038;p=3373"},"modified":"2022-04-02T21:56:45","modified_gmt":"2022-04-02T19:56:45","slug":"mandala-s-4","status":"publish","type":"product","link":"http:\/\/cajovnajasminka.sk\/?product=mandala-s-4","title":{"rendered":"Mandala S"},"content":{"rendered":"<p>Batikovan\u00e1 sukni\u010dka vo ve\u013ekosti S<\/p>\n","protected":false},"excerpt":{"rendered":"<p><b>Ru\u010dn\u00e1 pr\u00e1ca, ka\u017ed\u00fd kus je origin\u00e1l, aj na objedn\u00e1vku\u00a0<\/b><\/p>\n","protected":false},"featured_media":3374,"comment_status":"closed","ping_status":"closed","template":"","meta":[],"_links":{"self":[{"href":"http:\/\/cajovnajasminka.sk\/index.php?rest_route=\/wp\/v2\/product\/3373"}],"collection":[{"href":"http:\/\/cajovnajasminka.sk\/index.php?rest_route=\/wp\/v2\/product"}],"about":[{"href":"http:\/\/cajovnajasminka.sk\/index.php?rest_route=\/wp\/v2\/types\/product"}],"replies":[{"embeddable":true,"href":"http:\/\/cajovnajasminka.sk\/index.php?rest_route=%2Fwp%2Fv2%2Fcomments&post=3373"}],"wp:featuredmedia":[{"embeddable":true,"href":"http:\/\/cajovnajasminka.sk\/index.php?rest_route=\/wp\/v2\/media\/3374"}],"wp:attachment":[{"href":"http:\/\/cajovnajasminka.sk\/index.php?rest_route=%2Fwp%2Fv2%2Fmedia&parent=3373"}],"curies":[{"name":"wp","href":"https:\/\/api.w.org\/{rel}","templated":true}]}}