{"id":3368,"date":"2022-04-01T14:16:52","date_gmt":"2022-04-01T12:16:52","guid":{"rendered":"http:\/\/cajovnajasminka.sk\/?post_type=product&#038;p=3368"},"modified":"2022-04-02T21:54:55","modified_gmt":"2022-04-02T19:54:55","slug":"mandala-m-2","status":"publish","type":"product","link":"http:\/\/cajovnajasminka.sk\/?product=mandala-m-2","title":{"rendered":"Mandala M"},"content":{"rendered":"<p>Batikovan\u00e1 sukni\u010dka vo ve\u013ekosti M<\/p>\n","protected":false},"excerpt":{"rendered":"<p><b>Ru\u010dn\u00e1 pr\u00e1ca, ka\u017ed\u00fd kus je origin\u00e1l, aj na objedn\u00e1vku\u00a0<\/b><\/p>\n","protected":false},"featured_media":3372,"comment_status":"closed","ping_status":"closed","template":"","meta":[],"_links":{"self":[{"href":"http:\/\/cajovnajasminka.sk\/index.php?rest_route=\/wp\/v2\/product\/3368"}],"collection":[{"href":"http:\/\/cajovnajasminka.sk\/index.php?rest_route=\/wp\/v2\/product"}],"about":[{"href":"http:\/\/cajovnajasminka.sk\/index.php?rest_route=\/wp\/v2\/types\/product"}],"replies":[{"embeddable":true,"href":"http:\/\/cajovnajasminka.sk\/index.php?rest_route=%2Fwp%2Fv2%2Fcomments&post=3368"}],"wp:featuredmedia":[{"embeddable":true,"href":"http:\/\/cajovnajasminka.sk\/index.php?rest_route=\/wp\/v2\/media\/3372"}],"wp:attachment":[{"href":"http:\/\/cajovnajasminka.sk\/index.php?rest_route=%2Fwp%2Fv2%2Fmedia&parent=3368"}],"curies":[{"name":"wp","href":"https:\/\/api.w.org\/{rel}","templated":true}]}}