{"id":3365,"date":"2022-03-31T22:47:14","date_gmt":"2022-03-31T20:47:14","guid":{"rendered":"http:\/\/cajovnajasminka.sk\/?post_type=product&#038;p=3365"},"modified":"2022-04-03T14:17:52","modified_gmt":"2022-04-03T12:17:52","slug":"mandala-s-3","status":"publish","type":"product","link":"http:\/\/cajovnajasminka.sk\/?product=mandala-s-3","title":{"rendered":"Mandala S"},"content":{"rendered":"<p>Batikovan\u00e9 tri\u010dko s dlh\u00fdm ruk\u00e1vom a mandalou ve\u013ekosti S. Materi\u00e1l 100%bavlna<\/p>\n","protected":false},"excerpt":{"rendered":"<p><b>Ru\u010dn\u00e1 pr\u00e1ca, ka\u017ed\u00fd kus je origin\u00e1l, aj na objedn\u00e1vku\u00a0<\/b><\/p>\n","protected":false},"featured_media":3366,"comment_status":"closed","ping_status":"closed","template":"","meta":[],"_links":{"self":[{"href":"http:\/\/cajovnajasminka.sk\/index.php?rest_route=\/wp\/v2\/product\/3365"}],"collection":[{"href":"http:\/\/cajovnajasminka.sk\/index.php?rest_route=\/wp\/v2\/product"}],"about":[{"href":"http:\/\/cajovnajasminka.sk\/index.php?rest_route=\/wp\/v2\/types\/product"}],"replies":[{"embeddable":true,"href":"http:\/\/cajovnajasminka.sk\/index.php?rest_route=%2Fwp%2Fv2%2Fcomments&post=3365"}],"wp:featuredmedia":[{"embeddable":true,"href":"http:\/\/cajovnajasminka.sk\/index.php?rest_route=\/wp\/v2\/media\/3366"}],"wp:attachment":[{"href":"http:\/\/cajovnajasminka.sk\/index.php?rest_route=%2Fwp%2Fv2%2Fmedia&parent=3365"}],"curies":[{"name":"wp","href":"https:\/\/api.w.org\/{rel}","templated":true}]}}