{"id":3361,"date":"2022-03-31T22:41:27","date_gmt":"2022-03-31T20:41:27","guid":{"rendered":"http:\/\/cajovnajasminka.sk\/?post_type=product&#038;p=3361"},"modified":"2022-03-31T22:42:00","modified_gmt":"2022-03-31T20:42:00","slug":"mandala-m","status":"publish","type":"product","link":"http:\/\/cajovnajasminka.sk\/?product=mandala-m","title":{"rendered":"Mandala M"},"content":{"rendered":"<p>D\u00e1mske batikovan\u00e9 tielko vo ve\u013ekosti M. S mot\u00edvom mandaly.<\/p>\n","protected":false},"excerpt":{"rendered":"<p><b>Ru\u010dn\u00e1 pr\u00e1ca, ka\u017ed\u00fd kus je origin\u00e1l, aj na objedn\u00e1vku\u00a0<\/b><\/p>\n","protected":false},"featured_media":3362,"comment_status":"closed","ping_status":"closed","template":"","meta":[],"_links":{"self":[{"href":"http:\/\/cajovnajasminka.sk\/index.php?rest_route=\/wp\/v2\/product\/3361"}],"collection":[{"href":"http:\/\/cajovnajasminka.sk\/index.php?rest_route=\/wp\/v2\/product"}],"about":[{"href":"http:\/\/cajovnajasminka.sk\/index.php?rest_route=\/wp\/v2\/types\/product"}],"replies":[{"embeddable":true,"href":"http:\/\/cajovnajasminka.sk\/index.php?rest_route=%2Fwp%2Fv2%2Fcomments&post=3361"}],"wp:featuredmedia":[{"embeddable":true,"href":"http:\/\/cajovnajasminka.sk\/index.php?rest_route=\/wp\/v2\/media\/3362"}],"wp:attachment":[{"href":"http:\/\/cajovnajasminka.sk\/index.php?rest_route=%2Fwp%2Fv2%2Fmedia&parent=3361"}],"curies":[{"name":"wp","href":"https:\/\/api.w.org\/{rel}","templated":true}]}}