{"id":3359,"date":"2022-03-31T22:39:23","date_gmt":"2022-03-31T20:39:23","guid":{"rendered":"http:\/\/cajovnajasminka.sk\/?post_type=product&#038;p=3359"},"modified":"2022-03-31T22:40:21","modified_gmt":"2022-03-31T20:40:21","slug":"mandala-l-2","status":"publish","type":"product","link":"http:\/\/cajovnajasminka.sk\/?product=mandala-l-2","title":{"rendered":"Mandala L"},"content":{"rendered":"<p>D\u00e1mske batikovan\u00e9 tielko vo ve\u013ekosti L. S mot\u00edvom mandaly.<\/p>\n","protected":false},"excerpt":{"rendered":"<p><b>Ru\u010dn\u00e1 pr\u00e1ca, ka\u017ed\u00fd kus je origin\u00e1l, aj na objedn\u00e1vku\u00a0<\/b><\/p>\n","protected":false},"featured_media":3360,"comment_status":"closed","ping_status":"closed","template":"","meta":[],"_links":{"self":[{"href":"http:\/\/cajovnajasminka.sk\/index.php?rest_route=\/wp\/v2\/product\/3359"}],"collection":[{"href":"http:\/\/cajovnajasminka.sk\/index.php?rest_route=\/wp\/v2\/product"}],"about":[{"href":"http:\/\/cajovnajasminka.sk\/index.php?rest_route=\/wp\/v2\/types\/product"}],"replies":[{"embeddable":true,"href":"http:\/\/cajovnajasminka.sk\/index.php?rest_route=%2Fwp%2Fv2%2Fcomments&post=3359"}],"wp:featuredmedia":[{"embeddable":true,"href":"http:\/\/cajovnajasminka.sk\/index.php?rest_route=\/wp\/v2\/media\/3360"}],"wp:attachment":[{"href":"http:\/\/cajovnajasminka.sk\/index.php?rest_route=%2Fwp%2Fv2%2Fmedia&parent=3359"}],"curies":[{"name":"wp","href":"https:\/\/api.w.org\/{rel}","templated":true}]}}