{"id":3348,"date":"2022-03-31T22:06:34","date_gmt":"2022-03-31T20:06:34","guid":{"rendered":"http:\/\/cajovnajasminka.sk\/?post_type=product&#038;p=3348"},"modified":"2022-03-31T22:09:33","modified_gmt":"2022-03-31T20:09:33","slug":"srdce-xxl","status":"publish","type":"product","link":"http:\/\/cajovnajasminka.sk\/?product=srdce-xxl","title":{"rendered":"Srdce XXL"},"content":{"rendered":"<p>D\u00e1mske batikovan\u00e9 tri\u010dko vo ve\u013ekosti XXL. S mot\u00edvom srdie\u010dka.<\/p>\n","protected":false},"excerpt":{"rendered":"<p><b>Ru\u010dn\u00e1 pr\u00e1ca, ka\u017ed\u00fd kus je origin\u00e1l, aj na objedn\u00e1vku\u00a0<\/b><\/p>\n","protected":false},"featured_media":3349,"comment_status":"closed","ping_status":"closed","template":"","meta":[],"_links":{"self":[{"href":"http:\/\/cajovnajasminka.sk\/index.php?rest_route=\/wp\/v2\/product\/3348"}],"collection":[{"href":"http:\/\/cajovnajasminka.sk\/index.php?rest_route=\/wp\/v2\/product"}],"about":[{"href":"http:\/\/cajovnajasminka.sk\/index.php?rest_route=\/wp\/v2\/types\/product"}],"replies":[{"embeddable":true,"href":"http:\/\/cajovnajasminka.sk\/index.php?rest_route=%2Fwp%2Fv2%2Fcomments&post=3348"}],"wp:featuredmedia":[{"embeddable":true,"href":"http:\/\/cajovnajasminka.sk\/index.php?rest_route=\/wp\/v2\/media\/3349"}],"wp:attachment":[{"href":"http:\/\/cajovnajasminka.sk\/index.php?rest_route=%2Fwp%2Fv2%2Fmedia&parent=3348"}],"curies":[{"name":"wp","href":"https:\/\/api.w.org\/{rel}","templated":true}]}}