{"id":3345,"date":"2022-03-31T21:56:56","date_gmt":"2022-03-31T19:56:56","guid":{"rendered":"http:\/\/cajovnajasminka.sk\/?post_type=product&#038;p=3345"},"modified":"2022-03-31T21:59:13","modified_gmt":"2022-03-31T19:59:13","slug":"spiral-xxl","status":"publish","type":"product","link":"http:\/\/cajovnajasminka.sk\/?product=spiral-xxl","title":{"rendered":"Spiral XXL"},"content":{"rendered":"<p>P\u00e1nska\u00a0batikovan\u00e1 mikinka zvn\u00fatra po\u010desan\u00e1 so \u0161pir\u00e1lou v kr\u00e1snych \u017eiariv\u00fdch farb\u00e1ch, s kapuc\u0148ou, vo\u013enej\u0161ieho strihu.\u00a0Materi\u00e1l 65% bavlna 35% pes.<\/p>\n<p>&nbsp;<\/p>\n","protected":false},"excerpt":{"rendered":"<p><b>Ru\u010dn\u00e1 pr\u00e1ca, ka\u017ed\u00fd kus je origin\u00e1l, aj na objedn\u00e1vku\u00a0<\/b><\/p>\n","protected":false},"featured_media":3346,"comment_status":"closed","ping_status":"closed","template":"","meta":[],"_links":{"self":[{"href":"http:\/\/cajovnajasminka.sk\/index.php?rest_route=\/wp\/v2\/product\/3345"}],"collection":[{"href":"http:\/\/cajovnajasminka.sk\/index.php?rest_route=\/wp\/v2\/product"}],"about":[{"href":"http:\/\/cajovnajasminka.sk\/index.php?rest_route=\/wp\/v2\/types\/product"}],"replies":[{"embeddable":true,"href":"http:\/\/cajovnajasminka.sk\/index.php?rest_route=%2Fwp%2Fv2%2Fcomments&post=3345"}],"wp:featuredmedia":[{"embeddable":true,"href":"http:\/\/cajovnajasminka.sk\/index.php?rest_route=\/wp\/v2\/media\/3346"}],"wp:attachment":[{"href":"http:\/\/cajovnajasminka.sk\/index.php?rest_route=%2Fwp%2Fv2%2Fmedia&parent=3345"}],"curies":[{"name":"wp","href":"https:\/\/api.w.org\/{rel}","templated":true}]}}