{"id":3343,"date":"2022-03-31T21:54:58","date_gmt":"2022-03-31T19:54:58","guid":{"rendered":"http:\/\/cajovnajasminka.sk\/?post_type=product&#038;p=3343"},"modified":"2022-04-02T22:02:54","modified_gmt":"2022-04-02T20:02:54","slug":"spiral-farebna-xl","status":"publish","type":"product","link":"http:\/\/cajovnajasminka.sk\/?product=spiral-farebna-xl","title":{"rendered":"Spiral farebn\u00e1 XL"},"content":{"rendered":"<p>Batikovan\u00e1 mikinka p\u00e1nska XL s klokanov\u00fdm vreckom na prednom diely. Materi\u00e1l 80% bavlna+ 20% pes.<\/p>\n<p>&nbsp;<\/p>\n","protected":false},"excerpt":{"rendered":"<p><b>Ru\u010dn\u00e1 pr\u00e1ca, ka\u017ed\u00fd kus je origin\u00e1l, aj na objedn\u00e1vku\u00a0<\/b><\/p>\n","protected":false},"featured_media":3377,"comment_status":"closed","ping_status":"closed","template":"","meta":[],"_links":{"self":[{"href":"http:\/\/cajovnajasminka.sk\/index.php?rest_route=\/wp\/v2\/product\/3343"}],"collection":[{"href":"http:\/\/cajovnajasminka.sk\/index.php?rest_route=\/wp\/v2\/product"}],"about":[{"href":"http:\/\/cajovnajasminka.sk\/index.php?rest_route=\/wp\/v2\/types\/product"}],"replies":[{"embeddable":true,"href":"http:\/\/cajovnajasminka.sk\/index.php?rest_route=%2Fwp%2Fv2%2Fcomments&post=3343"}],"wp:featuredmedia":[{"embeddable":true,"href":"http:\/\/cajovnajasminka.sk\/index.php?rest_route=\/wp\/v2\/media\/3377"}],"wp:attachment":[{"href":"http:\/\/cajovnajasminka.sk\/index.php?rest_route=%2Fwp%2Fv2%2Fmedia&parent=3343"}],"curies":[{"name":"wp","href":"https:\/\/api.w.org\/{rel}","templated":true}]}}