{"id":3341,"date":"2022-03-31T21:06:07","date_gmt":"2022-03-31T19:06:07","guid":{"rendered":"http:\/\/cajovnajasminka.sk\/?post_type=product&#038;p=3341"},"modified":"2022-03-31T21:14:22","modified_gmt":"2022-03-31T19:14:22","slug":"zelena-uni-m-l","status":"publish","type":"product","link":"http:\/\/cajovnajasminka.sk\/?product=zelena-uni-m-l","title":{"rendered":"Zelen\u00e1 UNI M\/L"},"content":{"rendered":"<p>Batikovan\u00e1 mikinka UNI s klokanov\u00fdm vreckom na prednom diely. S kapu\u0148ou. Materi\u00e1l 80% bavlna+ 20% pes. D\u00e1mska ve\u013ekos\u0165 M, p\u00e1nska L.<\/p>\n<p>&nbsp;<\/p>\n","protected":false},"excerpt":{"rendered":"<p><b>Ru\u010dn\u00e1 pr\u00e1ca, ka\u017ed\u00fd kus je origin\u00e1l, aj na objedn\u00e1vku\u00a0<\/b><\/p>\n","protected":false},"featured_media":3342,"comment_status":"closed","ping_status":"closed","template":"","meta":[],"_links":{"self":[{"href":"http:\/\/cajovnajasminka.sk\/index.php?rest_route=\/wp\/v2\/product\/3341"}],"collection":[{"href":"http:\/\/cajovnajasminka.sk\/index.php?rest_route=\/wp\/v2\/product"}],"about":[{"href":"http:\/\/cajovnajasminka.sk\/index.php?rest_route=\/wp\/v2\/types\/product"}],"replies":[{"embeddable":true,"href":"http:\/\/cajovnajasminka.sk\/index.php?rest_route=%2Fwp%2Fv2%2Fcomments&post=3341"}],"wp:featuredmedia":[{"embeddable":true,"href":"http:\/\/cajovnajasminka.sk\/index.php?rest_route=\/wp\/v2\/media\/3342"}],"wp:attachment":[{"href":"http:\/\/cajovnajasminka.sk\/index.php?rest_route=%2Fwp%2Fv2%2Fmedia&parent=3341"}],"curies":[{"name":"wp","href":"https:\/\/api.w.org\/{rel}","templated":true}]}}