{"id":3338,"date":"2022-03-31T21:03:04","date_gmt":"2022-03-31T19:03:04","guid":{"rendered":"http:\/\/cajovnajasminka.sk\/?post_type=product&#038;p=3338"},"modified":"2022-03-31T21:04:56","modified_gmt":"2022-03-31T19:04:56","slug":"spiral-uni-xs-s","status":"publish","type":"product","link":"http:\/\/cajovnajasminka.sk\/?product=spiral-uni-xs-s","title":{"rendered":"Spiral UNI XS\/S"},"content":{"rendered":"<p>Batikovan\u00e1 mikinka UNI s klokanov\u00fdm vreckom na prednom diely. Materi\u00e1l 80% bavlna+ 20% pes. D\u00e1mska ve\u013ekos\u0165 S, p\u00e1nska XS.<\/p>\n<p>&nbsp;<\/p>\n","protected":false},"excerpt":{"rendered":"<p><b>Ru\u010dn\u00e1 pr\u00e1ca, ka\u017ed\u00fd kus je origin\u00e1l, aj na objedn\u00e1vku\u00a0<\/b><\/p>\n","protected":false},"featured_media":3340,"comment_status":"closed","ping_status":"closed","template":"","meta":[],"_links":{"self":[{"href":"http:\/\/cajovnajasminka.sk\/index.php?rest_route=\/wp\/v2\/product\/3338"}],"collection":[{"href":"http:\/\/cajovnajasminka.sk\/index.php?rest_route=\/wp\/v2\/product"}],"about":[{"href":"http:\/\/cajovnajasminka.sk\/index.php?rest_route=\/wp\/v2\/types\/product"}],"replies":[{"embeddable":true,"href":"http:\/\/cajovnajasminka.sk\/index.php?rest_route=%2Fwp%2Fv2%2Fcomments&post=3338"}],"wp:featuredmedia":[{"embeddable":true,"href":"http:\/\/cajovnajasminka.sk\/index.php?rest_route=\/wp\/v2\/media\/3340"}],"wp:attachment":[{"href":"http:\/\/cajovnajasminka.sk\/index.php?rest_route=%2Fwp%2Fv2%2Fmedia&parent=3338"}],"curies":[{"name":"wp","href":"https:\/\/api.w.org\/{rel}","templated":true}]}}