{"id":3324,"date":"2022-03-13T21:46:54","date_gmt":"2022-03-13T20:46:54","guid":{"rendered":"http:\/\/cajovnajasminka.sk\/?post_type=product&#038;p=3324"},"modified":"2022-03-31T20:48:39","modified_gmt":"2022-03-31T18:48:39","slug":"vesmir-2xl","status":"publish","type":"product","link":"http:\/\/cajovnajasminka.sk\/?product=vesmir-2xl","title":{"rendered":"Vesm\u00edr 2XL"},"content":{"rendered":"<p>D\u00e1mska batikovan\u00e1 mikina vo ve\u013ekosti 2XL. Na zips. S kapuc\u0148ou.<\/p>\n<p>&nbsp;<\/p>\n","protected":false},"excerpt":{"rendered":"<p><b>Ru\u010dn\u00e1 pr\u00e1ca, ka\u017ed\u00fd kus je origin\u00e1l, aj na objedn\u00e1vku\u00a0<\/b><\/p>\n","protected":false},"featured_media":3332,"comment_status":"closed","ping_status":"closed","template":"","meta":[],"_links":{"self":[{"href":"http:\/\/cajovnajasminka.sk\/index.php?rest_route=\/wp\/v2\/product\/3324"}],"collection":[{"href":"http:\/\/cajovnajasminka.sk\/index.php?rest_route=\/wp\/v2\/product"}],"about":[{"href":"http:\/\/cajovnajasminka.sk\/index.php?rest_route=\/wp\/v2\/types\/product"}],"replies":[{"embeddable":true,"href":"http:\/\/cajovnajasminka.sk\/index.php?rest_route=%2Fwp%2Fv2%2Fcomments&post=3324"}],"wp:featuredmedia":[{"embeddable":true,"href":"http:\/\/cajovnajasminka.sk\/index.php?rest_route=\/wp\/v2\/media\/3332"}],"wp:attachment":[{"href":"http:\/\/cajovnajasminka.sk\/index.php?rest_route=%2Fwp%2Fv2%2Fmedia&parent=3324"}],"curies":[{"name":"wp","href":"https:\/\/api.w.org\/{rel}","templated":true}]}}