{"id":3320,"date":"2022-03-13T21:37:07","date_gmt":"2022-03-13T20:37:07","guid":{"rendered":"http:\/\/cajovnajasminka.sk\/?post_type=product&#038;p=3320"},"modified":"2022-03-13T21:46:43","modified_gmt":"2022-03-13T20:46:43","slug":"spiral-m","status":"publish","type":"product","link":"http:\/\/cajovnajasminka.sk\/?product=spiral-m","title":{"rendered":"Spiral M"},"content":{"rendered":"<p>Tri\u010dko je v p\u00e1se jemne tvarovan\u00e9 so \u0161pir\u00e1lkou-symbolom transform\u00e1cie a rastu umiestnenej v hornej polovici. <strong>Materi\u00e1l :<\/strong> 100% bavlna.<\/p>\n<p>&nbsp;<\/p>\n","protected":false},"excerpt":{"rendered":"<p><b>Ru\u010dn\u00e1 pr\u00e1ca, ka\u017ed\u00fd kus je origin\u00e1l, aj na objedn\u00e1vku\u00a0<\/b><\/p>\n","protected":false},"featured_media":3323,"comment_status":"closed","ping_status":"closed","template":"","meta":[],"_links":{"self":[{"href":"http:\/\/cajovnajasminka.sk\/index.php?rest_route=\/wp\/v2\/product\/3320"}],"collection":[{"href":"http:\/\/cajovnajasminka.sk\/index.php?rest_route=\/wp\/v2\/product"}],"about":[{"href":"http:\/\/cajovnajasminka.sk\/index.php?rest_route=\/wp\/v2\/types\/product"}],"replies":[{"embeddable":true,"href":"http:\/\/cajovnajasminka.sk\/index.php?rest_route=%2Fwp%2Fv2%2Fcomments&post=3320"}],"wp:featuredmedia":[{"embeddable":true,"href":"http:\/\/cajovnajasminka.sk\/index.php?rest_route=\/wp\/v2\/media\/3323"}],"wp:attachment":[{"href":"http:\/\/cajovnajasminka.sk\/index.php?rest_route=%2Fwp%2Fv2%2Fmedia&parent=3320"}],"curies":[{"name":"wp","href":"https:\/\/api.w.org\/{rel}","templated":true}]}}