{"id":332,"date":"2017-05-03T11:07:36","date_gmt":"2017-05-03T09:07:36","guid":{"rendered":"http:\/\/cajovnajasminka.sk\/?post_type=product&#038;p=332"},"modified":"2023-01-19T10:26:11","modified_gmt":"2023-01-19T09:26:11","slug":"mahaphala-diabeticka-dieta","status":"publish","type":"product","link":"http:\/\/cajovnajasminka.sk\/?product=mahaphala-diabeticka-dieta","title":{"rendered":"Mahaphala-diabetick\u00e1 di\u00e9ta"},"content":{"rendered":"<p>Himal\u00e1jske byliny sa u\u017e po cel\u00e9 st\u00e1ro\u010dia pou\u017e\u00edvaj\u00fa k optimaliz\u00e1cii du\u0161evn\u00fdch a telesn\u00fdch funkci\u00ed organizmu. S\u00fa z\u00e1kladom tradi\u010dn\u00e9ho ajurv\u00e9dsk\u00e9ho lek\u00e1rstva, ktor\u00e9 ich pou\u017e\u00edva v mnoh\u00fdch najr\u00f4znej\u0161\u00edch kombin\u00e1ci\u00e1ch.<\/p>\n<p><strong>\u010caj Mahaphala pom\u00e1ha udr\u017eiava\u0165 norm\u00e1lnu hladinu cukru v krvi<br \/>\nZni\u017euje chu\u0165 na sladk\u00e9 pri diabetickej di\u00e9te<br \/>\nPodporuje optim\u00e1lny metabolizmus cukrov<br \/>\nPodporuje vylu\u010dovanie vody z organizmu<br \/>\nZvy\u0161uje vitalitu a posil\u0148uje imunitn\u00fd syst\u00e9m<\/strong><\/p>\n<p><strong>Zlo\u017eenie :\u00a0<\/strong><\/p>\n<p>Citr\u00f3nov\u00e1 tr\u00e1va (Cymbopogon citratus), chebula srd\u010dit\u00e1 \u2013 Guduchi (Tinospora cordifolia), bazalka sv\u00e4t\u00e1 (Ocimum tenuiflorum), Sinhala (Gymnema sylvestre), Jambul (Syzygium cumini), Gentianaceae (Swertia chirata).<\/p>\n<p><strong>Hmotnos\u0165 :<\/strong>\u00a0100 g<\/p>\n","protected":false},"excerpt":{"rendered":"<p>Himal\u00e1jske byliny sa u\u017e po cel\u00e9 st\u00e1ro\u010dia pou\u017e\u00edvaj\u00fa k optimaliz\u00e1cii du\u0161evn\u00fdch a telesn\u00fdch funkci\u00ed organizmu. S\u00fa z\u00e1kladom tradi\u010dn\u00e9ho ajurv\u00e9dsk\u00e9ho lek\u00e1rstva, ktor\u00e9 ich pou\u017e\u00edva v mnoh\u00fdch najr\u00f4znej\u0161\u00edch kombin\u00e1ci\u00e1ch. \u010caj Mahaphala pom\u00e1ha udr\u017eiava\u0165 norm\u00e1lnu hladinu cukru v krvi Zni\u017euje chu\u0165 na sladk\u00e9 pri diabetickej di\u00e9te Podporuje optim\u00e1lny metabolizmus cukrov Podporuje vylu\u010dovanie vody z organizmu Zvy\u0161uje vitalitu a<\/p>\n","protected":false},"featured_media":333,"comment_status":"open","ping_status":"closed","template":"","meta":[],"_links":{"self":[{"href":"http:\/\/cajovnajasminka.sk\/index.php?rest_route=\/wp\/v2\/product\/332"}],"collection":[{"href":"http:\/\/cajovnajasminka.sk\/index.php?rest_route=\/wp\/v2\/product"}],"about":[{"href":"http:\/\/cajovnajasminka.sk\/index.php?rest_route=\/wp\/v2\/types\/product"}],"replies":[{"embeddable":true,"href":"http:\/\/cajovnajasminka.sk\/index.php?rest_route=%2Fwp%2Fv2%2Fcomments&post=332"}],"wp:featuredmedia":[{"embeddable":true,"href":"http:\/\/cajovnajasminka.sk\/index.php?rest_route=\/wp\/v2\/media\/333"}],"wp:attachment":[{"href":"http:\/\/cajovnajasminka.sk\/index.php?rest_route=%2Fwp%2Fv2%2Fmedia&parent=332"}],"curies":[{"name":"wp","href":"https:\/\/api.w.org\/{rel}","templated":true}]}}