{"id":3315,"date":"2022-03-10T17:40:49","date_gmt":"2022-03-10T16:40:49","guid":{"rendered":"http:\/\/cajovnajasminka.sk\/?post_type=product&#038;p=3315"},"modified":"2022-03-13T21:36:49","modified_gmt":"2022-03-13T20:36:49","slug":"hubka-l","status":"publish","type":"product","link":"http:\/\/cajovnajasminka.sk\/?product=hubka-l","title":{"rendered":"Hubka L"},"content":{"rendered":"<p>D\u00e1mske batikovan\u00e9 tri\u010dko vo ve\u013ekosti L. jemne tvarovan\u00e9 v p\u00e1se. <strong>Materi\u00e1l<\/strong> 100% bavlna.<\/p>\n<p>&nbsp;<\/p>\n","protected":false},"excerpt":{"rendered":"<p><b>Ru\u010dn\u00e1 pr\u00e1ca, ka\u017ed\u00fd kus je origin\u00e1l, aj na objedn\u00e1vku\u00a0<\/b><\/p>\n","protected":false},"featured_media":3319,"comment_status":"closed","ping_status":"closed","template":"","meta":[],"_links":{"self":[{"href":"http:\/\/cajovnajasminka.sk\/index.php?rest_route=\/wp\/v2\/product\/3315"}],"collection":[{"href":"http:\/\/cajovnajasminka.sk\/index.php?rest_route=\/wp\/v2\/product"}],"about":[{"href":"http:\/\/cajovnajasminka.sk\/index.php?rest_route=\/wp\/v2\/types\/product"}],"replies":[{"embeddable":true,"href":"http:\/\/cajovnajasminka.sk\/index.php?rest_route=%2Fwp%2Fv2%2Fcomments&post=3315"}],"wp:featuredmedia":[{"embeddable":true,"href":"http:\/\/cajovnajasminka.sk\/index.php?rest_route=\/wp\/v2\/media\/3319"}],"wp:attachment":[{"href":"http:\/\/cajovnajasminka.sk\/index.php?rest_route=%2Fwp%2Fv2%2Fmedia&parent=3315"}],"curies":[{"name":"wp","href":"https:\/\/api.w.org\/{rel}","templated":true}]}}