{"id":3306,"date":"2022-03-10T13:07:12","date_gmt":"2022-03-10T12:07:12","guid":{"rendered":"http:\/\/cajovnajasminka.sk\/?post_type=product&#038;p=3306"},"modified":"2022-03-13T21:28:57","modified_gmt":"2022-03-13T20:28:57","slug":"strom-zivota-s","status":"publish","type":"product","link":"http:\/\/cajovnajasminka.sk\/?product=strom-zivota-s","title":{"rendered":"Strom \u017eivota S"},"content":{"rendered":"<p>D\u00e1mske batikovan\u00e9 tri\u010dko rovn\u00e9ho strihu vo ve\u013ekosti S. Na prednom diely je nama\u013eovan\u00fd strom \u017eivota- symbol stability, rastu, rodiny, prepojenia&#8230;Materi\u00e1l 100% bavlna.<\/p>\n<p>&nbsp;<\/p>\n","protected":false},"excerpt":{"rendered":"<p><b>Ru\u010dn\u00e1 pr\u00e1ca, ka\u017ed\u00fd kus je origin\u00e1l, aj na objedn\u00e1vku\u00a0<\/b><\/p>\n","protected":false},"featured_media":3307,"comment_status":"closed","ping_status":"closed","template":"","meta":[],"_links":{"self":[{"href":"http:\/\/cajovnajasminka.sk\/index.php?rest_route=\/wp\/v2\/product\/3306"}],"collection":[{"href":"http:\/\/cajovnajasminka.sk\/index.php?rest_route=\/wp\/v2\/product"}],"about":[{"href":"http:\/\/cajovnajasminka.sk\/index.php?rest_route=\/wp\/v2\/types\/product"}],"replies":[{"embeddable":true,"href":"http:\/\/cajovnajasminka.sk\/index.php?rest_route=%2Fwp%2Fv2%2Fcomments&post=3306"}],"wp:featuredmedia":[{"embeddable":true,"href":"http:\/\/cajovnajasminka.sk\/index.php?rest_route=\/wp\/v2\/media\/3307"}],"wp:attachment":[{"href":"http:\/\/cajovnajasminka.sk\/index.php?rest_route=%2Fwp%2Fv2%2Fmedia&parent=3306"}],"curies":[{"name":"wp","href":"https:\/\/api.w.org\/{rel}","templated":true}]}}