{"id":3301,"date":"2022-03-10T12:42:20","date_gmt":"2022-03-10T11:42:20","guid":{"rendered":"http:\/\/cajovnajasminka.sk\/?post_type=product&#038;p=3301"},"modified":"2022-03-13T21:29:31","modified_gmt":"2022-03-13T20:29:31","slug":"azur-s","status":"publish","type":"product","link":"http:\/\/cajovnajasminka.sk\/?product=azur-s","title":{"rendered":"Az\u00far S"},"content":{"rendered":"<p>D\u00e1mske batikovan\u00e9 tri\u010dko rovn\u00e9ho strihu, vo ve\u013ekosti S v modr\u00fdch odtie\u0148och. Materi\u00e1l 100% bavlna.<\/p>\n<p>&nbsp;<\/p>\n","protected":false},"excerpt":{"rendered":"<p><b>Ru\u010dn\u00e1 pr\u00e1ca, ka\u017ed\u00fd kus je origin\u00e1l, aj na objedn\u00e1vku\u00a0<\/b><\/p>\n","protected":false},"featured_media":3304,"comment_status":"closed","ping_status":"closed","template":"","meta":[],"_links":{"self":[{"href":"http:\/\/cajovnajasminka.sk\/index.php?rest_route=\/wp\/v2\/product\/3301"}],"collection":[{"href":"http:\/\/cajovnajasminka.sk\/index.php?rest_route=\/wp\/v2\/product"}],"about":[{"href":"http:\/\/cajovnajasminka.sk\/index.php?rest_route=\/wp\/v2\/types\/product"}],"replies":[{"embeddable":true,"href":"http:\/\/cajovnajasminka.sk\/index.php?rest_route=%2Fwp%2Fv2%2Fcomments&post=3301"}],"wp:featuredmedia":[{"embeddable":true,"href":"http:\/\/cajovnajasminka.sk\/index.php?rest_route=\/wp\/v2\/media\/3304"}],"wp:attachment":[{"href":"http:\/\/cajovnajasminka.sk\/index.php?rest_route=%2Fwp%2Fv2%2Fmedia&parent=3301"}],"curies":[{"name":"wp","href":"https:\/\/api.w.org\/{rel}","templated":true}]}}