{"id":330,"date":"2017-05-03T11:04:16","date_gmt":"2017-05-03T09:04:16","guid":{"rendered":"http:\/\/cajovnajasminka.sk\/?post_type=product&#038;p=330"},"modified":"2023-01-19T10:26:23","modified_gmt":"2023-01-19T09:26:23","slug":"ashoka-klimakterium-a-hormonalna-rovnovaha","status":"publish","type":"product","link":"http:\/\/cajovnajasminka.sk\/?product=ashoka-klimakterium-a-hormonalna-rovnovaha","title":{"rendered":"Ashoka-klimakt\u00e9rium a hormon\u00e1lna rovnov\u00e1ha"},"content":{"rendered":"<p>Himal\u00e1jske byliny sa u\u017e po cel\u00e9 st\u00e1ro\u010dia pou\u017e\u00edvaj\u00fa k optimaliz\u00e1cii du\u0161evn\u00fdch a telesn\u00fdch funkci\u00ed organizmu. S\u00fa z\u00e1kladom tradi\u010dn\u00e9ho ajurv\u00e9dsk\u00e9ho lek\u00e1rstva, ktor\u00e9 ich pou\u017e\u00edva v mnoh\u00fdch najr\u00f4znej\u0161\u00edch kombin\u00e1ci\u00e1ch.<\/p>\n<p><strong>\u010caj Ashoka podporuje zdravie \u017eensk\u00e9ho reproduk\u010dn\u00e9ho syst\u00e9mu<br \/>\nPrispieva k pokojn\u00e9mu priebehu klimakt\u00e9ria<br \/>\nHarmonizuje hormon\u00e1lny syst\u00e9m a men\u0161trua\u010dn\u00fd cyklus<br \/>\nPom\u00e1ha zni\u017eova\u0165 nap\u00e4tie, podr\u00e1\u017edenos\u0165 a nervozitu<br \/>\nPrispieva k dobrej pohode a optimalizuje psychick\u00fd stav<br \/>\nPom\u00e1ha udr\u017eiava\u0165 du\u0161evn\u00fa rovnov\u00e1hu<\/strong><\/p>\n<p><strong>Zlo\u017eenie :\u00a0<\/strong><\/p>\n<p>\u0160parg\u013ea hroznovit\u00e1 &#8211; Shatawari (Asparagus racemosus), vit\u00e1nia spav\u00e1 &#8211; A\u0161vagandha (Withania somnifera), sladovka hladkoplod\u00e1 &#8211; sladk\u00e9 drievko (Glycyrrhiza glabra).<\/p>\n<p><strong>Hmotnos\u0165 :<\/strong>\u00a0100 g<\/p>\n","protected":false},"excerpt":{"rendered":"<p>Himal\u00e1jske byliny sa u\u017e po cel\u00e9 st\u00e1ro\u010dia pou\u017e\u00edvaj\u00fa k optimaliz\u00e1cii du\u0161evn\u00fdch a telesn\u00fdch funkci\u00ed organizmu. S\u00fa z\u00e1kladom tradi\u010dn\u00e9ho ajurv\u00e9dsk\u00e9ho lek\u00e1rstva, ktor\u00e9 ich pou\u017e\u00edva v mnoh\u00fdch najr\u00f4znej\u0161\u00edch kombin\u00e1ci\u00e1ch. \u010caj Ashoka podporuje zdravie \u017eensk\u00e9ho reproduk\u010dn\u00e9ho syst\u00e9mu Prispieva k pokojn\u00e9mu priebehu klimakt\u00e9ria Harmonizuje hormon\u00e1lny syst\u00e9m a men\u0161trua\u010dn\u00fd cyklus Pom\u00e1ha zni\u017eova\u0165 nap\u00e4tie, podr\u00e1\u017edenos\u0165 a nervozitu Prispieva k dobrej pohode<\/p>\n","protected":false},"featured_media":331,"comment_status":"open","ping_status":"closed","template":"","meta":[],"_links":{"self":[{"href":"http:\/\/cajovnajasminka.sk\/index.php?rest_route=\/wp\/v2\/product\/330"}],"collection":[{"href":"http:\/\/cajovnajasminka.sk\/index.php?rest_route=\/wp\/v2\/product"}],"about":[{"href":"http:\/\/cajovnajasminka.sk\/index.php?rest_route=\/wp\/v2\/types\/product"}],"replies":[{"embeddable":true,"href":"http:\/\/cajovnajasminka.sk\/index.php?rest_route=%2Fwp%2Fv2%2Fcomments&post=330"}],"wp:featuredmedia":[{"embeddable":true,"href":"http:\/\/cajovnajasminka.sk\/index.php?rest_route=\/wp\/v2\/media\/331"}],"wp:attachment":[{"href":"http:\/\/cajovnajasminka.sk\/index.php?rest_route=%2Fwp%2Fv2%2Fmedia&parent=330"}],"curies":[{"name":"wp","href":"https:\/\/api.w.org\/{rel}","templated":true}]}}