{"id":3294,"date":"2022-03-10T12:29:46","date_gmt":"2022-03-10T11:29:46","guid":{"rendered":"http:\/\/cajovnajasminka.sk\/?post_type=product&#038;p=3294"},"modified":"2022-03-13T21:30:50","modified_gmt":"2022-03-13T20:30:50","slug":"mandala-l","status":"publish","type":"product","link":"http:\/\/cajovnajasminka.sk\/?product=mandala-l","title":{"rendered":"Mandala L"},"content":{"rendered":"<p>D\u00e1mske batikovan\u00e9 tri\u010dko vo ve\u013ekosti S. Mandala na prednom diely tri\u010dka. Materi\u00e1l 100% bavlna.<\/p>\n<p>&nbsp;<\/p>\n","protected":false},"excerpt":{"rendered":"<p><b>Ru\u010dn\u00e1 pr\u00e1ca, ka\u017ed\u00fd kus je origin\u00e1l, aj na objedn\u00e1vku\u00a0<\/b><\/p>\n","protected":false},"featured_media":3295,"comment_status":"closed","ping_status":"closed","template":"","meta":[],"_links":{"self":[{"href":"http:\/\/cajovnajasminka.sk\/index.php?rest_route=\/wp\/v2\/product\/3294"}],"collection":[{"href":"http:\/\/cajovnajasminka.sk\/index.php?rest_route=\/wp\/v2\/product"}],"about":[{"href":"http:\/\/cajovnajasminka.sk\/index.php?rest_route=\/wp\/v2\/types\/product"}],"replies":[{"embeddable":true,"href":"http:\/\/cajovnajasminka.sk\/index.php?rest_route=%2Fwp%2Fv2%2Fcomments&post=3294"}],"wp:featuredmedia":[{"embeddable":true,"href":"http:\/\/cajovnajasminka.sk\/index.php?rest_route=\/wp\/v2\/media\/3295"}],"wp:attachment":[{"href":"http:\/\/cajovnajasminka.sk\/index.php?rest_route=%2Fwp%2Fv2%2Fmedia&parent=3294"}],"curies":[{"name":"wp","href":"https:\/\/api.w.org\/{rel}","templated":true}]}}