{"id":3286,"date":"2022-03-10T11:41:05","date_gmt":"2022-03-10T10:41:05","guid":{"rendered":"http:\/\/cajovnajasminka.sk\/?post_type=product&#038;p=3286"},"modified":"2022-03-10T11:43:14","modified_gmt":"2022-03-10T10:43:14","slug":"skriatok-uni","status":"publish","type":"product","link":"http:\/\/cajovnajasminka.sk\/?product=skriatok-uni","title":{"rendered":"\u0160kriatok UNI"},"content":{"rendered":"<p>Ob\u013e\u00faben\u00e1 mikinka \u0161it\u00e1 v na\u0161ej die\u013eni a s na\u0161im dizajnom, ru\u010dne ma\u013eovan\u00e1 uv akt\u00edvnymi farbi\u010dkami. Tmavomodr\u00e1. Materi\u00e1l: 100%bavlna, nepo\u010desan\u00e1 ten\u0161ia tepl\u00e1kovina.<\/p>\n<p>&nbsp;<\/p>\n","protected":false},"excerpt":{"rendered":"<p><b>Ru\u010dn\u00e1 pr\u00e1ca, ka\u017ed\u00fd kus je origin\u00e1l, aj na objedn\u00e1vku\u00a0<\/b><\/p>\n","protected":false},"featured_media":3287,"comment_status":"closed","ping_status":"closed","template":"","meta":[],"_links":{"self":[{"href":"http:\/\/cajovnajasminka.sk\/index.php?rest_route=\/wp\/v2\/product\/3286"}],"collection":[{"href":"http:\/\/cajovnajasminka.sk\/index.php?rest_route=\/wp\/v2\/product"}],"about":[{"href":"http:\/\/cajovnajasminka.sk\/index.php?rest_route=\/wp\/v2\/types\/product"}],"replies":[{"embeddable":true,"href":"http:\/\/cajovnajasminka.sk\/index.php?rest_route=%2Fwp%2Fv2%2Fcomments&post=3286"}],"wp:featuredmedia":[{"embeddable":true,"href":"http:\/\/cajovnajasminka.sk\/index.php?rest_route=\/wp\/v2\/media\/3287"}],"wp:attachment":[{"href":"http:\/\/cajovnajasminka.sk\/index.php?rest_route=%2Fwp%2Fv2%2Fmedia&parent=3286"}],"curies":[{"name":"wp","href":"https:\/\/api.w.org\/{rel}","templated":true}]}}