{"id":3284,"date":"2022-03-10T11:40:09","date_gmt":"2022-03-10T10:40:09","guid":{"rendered":"http:\/\/cajovnajasminka.sk\/?post_type=product&#038;p=3284"},"modified":"2022-03-10T11:40:51","modified_gmt":"2022-03-10T10:40:51","slug":"s-nasivkou-l-2","status":"publish","type":"product","link":"http:\/\/cajovnajasminka.sk\/?product=s-nasivkou-l-2","title":{"rendered":"S n\u00e1\u0161ivkou L"},"content":{"rendered":"<p>D\u00e1mska ten\u0161ia batikovan\u00e1, elastick\u00e1 mikina s na\u0161itou batikovanou aplik\u00e1ciou. Material 95% bavlna + 5%elastan.<\/p>\n<p>&nbsp;<\/p>\n","protected":false},"excerpt":{"rendered":"<p><b>Ru\u010dn\u00e1 pr\u00e1ca, ka\u017ed\u00fd kus je origin\u00e1l, aj na objedn\u00e1vku\u00a0<\/b><\/p>\n","protected":false},"featured_media":3285,"comment_status":"closed","ping_status":"closed","template":"","meta":[],"_links":{"self":[{"href":"http:\/\/cajovnajasminka.sk\/index.php?rest_route=\/wp\/v2\/product\/3284"}],"collection":[{"href":"http:\/\/cajovnajasminka.sk\/index.php?rest_route=\/wp\/v2\/product"}],"about":[{"href":"http:\/\/cajovnajasminka.sk\/index.php?rest_route=\/wp\/v2\/types\/product"}],"replies":[{"embeddable":true,"href":"http:\/\/cajovnajasminka.sk\/index.php?rest_route=%2Fwp%2Fv2%2Fcomments&post=3284"}],"wp:featuredmedia":[{"embeddable":true,"href":"http:\/\/cajovnajasminka.sk\/index.php?rest_route=\/wp\/v2\/media\/3285"}],"wp:attachment":[{"href":"http:\/\/cajovnajasminka.sk\/index.php?rest_route=%2Fwp%2Fv2%2Fmedia&parent=3284"}],"curies":[{"name":"wp","href":"https:\/\/api.w.org\/{rel}","templated":true}]}}