{"id":3281,"date":"2022-03-10T11:33:49","date_gmt":"2022-03-10T10:33:49","guid":{"rendered":"http:\/\/cajovnajasminka.sk\/?post_type=product&#038;p=3281"},"modified":"2022-03-10T11:36:21","modified_gmt":"2022-03-10T10:36:21","slug":"s-nasivkou-l","status":"publish","type":"product","link":"http:\/\/cajovnajasminka.sk\/?product=s-nasivkou-l","title":{"rendered":"S n\u00e1\u0161ivkou L"},"content":{"rendered":"<p>D\u00e1mska ten\u0161ia batikovan\u00e1, elastick\u00e1 mikina s na\u0161itou batikovanou aplik\u00e1ciou. Material 95% bavlna + 5%elastan.<\/p>\n<p>&nbsp;<\/p>\n","protected":false},"excerpt":{"rendered":"<p><b>Ru\u010dn\u00e1 pr\u00e1ca, ka\u017ed\u00fd kus je origin\u00e1l, aj na objedn\u00e1vku\u00a0<\/b><\/p>\n","protected":false},"featured_media":3282,"comment_status":"closed","ping_status":"closed","template":"","meta":[],"_links":{"self":[{"href":"http:\/\/cajovnajasminka.sk\/index.php?rest_route=\/wp\/v2\/product\/3281"}],"collection":[{"href":"http:\/\/cajovnajasminka.sk\/index.php?rest_route=\/wp\/v2\/product"}],"about":[{"href":"http:\/\/cajovnajasminka.sk\/index.php?rest_route=\/wp\/v2\/types\/product"}],"replies":[{"embeddable":true,"href":"http:\/\/cajovnajasminka.sk\/index.php?rest_route=%2Fwp%2Fv2%2Fcomments&post=3281"}],"wp:featuredmedia":[{"embeddable":true,"href":"http:\/\/cajovnajasminka.sk\/index.php?rest_route=\/wp\/v2\/media\/3282"}],"wp:attachment":[{"href":"http:\/\/cajovnajasminka.sk\/index.php?rest_route=%2Fwp%2Fv2%2Fmedia&parent=3281"}],"curies":[{"name":"wp","href":"https:\/\/api.w.org\/{rel}","templated":true}]}}